{"id":7581,"date":"2022-03-22T16:13:00","date_gmt":"2022-03-22T19:13:00","guid":{"rendered":"http:\/\/sh-pro112.teste.website\/~glovis05\/?page_id=7581"},"modified":"2022-10-28T15:14:17","modified_gmt":"2022-10-28T18:14:17","slug":"politica-de-privacidade","status":"publish","type":"page","link":"https:\/\/www.glovis.com.br\/es\/politica-de-privacidade\/","title":{"rendered":"Pol\u00edtica de privacidad"},"content":{"rendered":"<p>[et_pb_section fb_built=&#8221;1&#8243; disabled_on=&#8221;off|off|off&#8221; admin_label=&#8221;Hero&#8221; _builder_version=&#8221;4.16&#8243; background_enable_color=&#8221;off&#8221; background_image=&#8221;https:\/\/www.glovis.com.br\/wp-content\/uploads\/2021\/08\/header_esg.jpg&#8221; custom_margin=&#8221;62px||||false|false&#8221; custom_padding=&#8221;0px|0px|0px|0px|false|false&#8221; global_colors_info=&#8221;{}&#8221;][et_pb_row _builder_version=&#8221;4.16&#8243; _module_preset=&#8221;default&#8221; global_colors_info=&#8221;{}&#8221;][et_pb_column type=&#8221;4_4&#8243; _builder_version=&#8221;4.16&#8243; _module_preset=&#8221;default&#8221; global_colors_info=&#8221;{}&#8221;][et_pb_text _builder_version=&#8221;4.17.3&#8243; _module_preset=&#8221;default&#8221; text_font=&#8221;|700|||||||&#8221; text_text_color=&#8221;#FFFFFF&#8221; text_font_size=&#8221;40px&#8221; header_text_color=&#8221;#FFFFFF&#8221; custom_padding=&#8221;120px||120px||false|false&#8221; hover_enabled=&#8221;0&#8243; global_colors_info=&#8221;{}&#8221; sticky_enabled=&#8221;0&#8243; text_line_height_last_edited=&#8221;on|phone&#8221; text_line_height_phone=&#8221;1em&#8221; text_font_size_last_edited=&#8221;on|phone&#8221; text_font_size_phone=&#8221;36px&#8221; text_font_size_tablet=&#8221;40px&#8221;]<\/p>\n<p><span>POL\u00cdTICA DE PRIVACIDAD<\/span><\/p>\n<p>[\/et_pb_text][\/et_pb_column][\/et_pb_row][\/et_pb_section][et_pb_section fb_built=&#8221;1&#8243; _builder_version=&#8221;4.16&#8243; custom_padding=&#8221;110px||110px|&#8221; global_colors_info=&#8221;{}&#8221;][et_pb_row _builder_version=&#8221;4.16&#8243; custom_margin=&#8221;||||false|false&#8221; custom_padding=&#8221;|50px||50px|false|false&#8221; global_colors_info=&#8221;{}&#8221;][et_pb_column type=&#8221;4_4&#8243; _builder_version=&#8221;4.16&#8243; custom_padding=&#8221;|||&#8221; global_colors_info=&#8221;{}&#8221; custom_padding__hover=&#8221;|||&#8221;][et_pb_text admin_label=&#8221;Discover Beatuty Sub Title&#8221; _builder_version=&#8221;4.16&#8243; text_font=&#8221;Roboto||||&#8221; text_text_color=&#8221;#1a1a1a&#8221; text_font_size=&#8221;24px&#8221; text_line_height=&#8221;1.4em&#8221; header_font=&#8221;|700||on|||||&#8221; header_text_align=&#8221;center&#8221; header_font_size=&#8221;40px&#8221; animation_style=&#8221;slide&#8221; animation_direction=&#8221;top&#8221; animation_intensity_slide=&#8221;10%&#8221; global_colors_info=&#8221;{}&#8221;]<\/p>\n<h1>POL\u00cdTICA DE PRIVACIDAD DEL SITIO WEB DE GLOVIS BRASIL LOG\u00cdSTICA LTDA.<\/h1>\n<p>[\/et_pb_text][et_pb_divider color=&#8221;#000000&#8243; divider_position=&#8221;center&#8221; divider_weight=&#8221;3px&#8221; disabled_on=&#8221;off|off|off&#8221; _builder_version=&#8221;4.16&#8243; max_width=&#8221;150px&#8221; module_alignment=&#8221;center&#8221; height=&#8221;false&#8221; custom_margin=&#8221;30px|||&#8221; animation_style=&#8221;slide&#8221; animation_direction=&#8221;top&#8221; animation_delay=&#8221;100ms&#8221; animation_intensity_slide=&#8221;10%&#8221; global_colors_info=&#8221;{}&#8221;][\/et_pb_divider][et_pb_text admin_label=&#8221;Discover Beatuty Text&#8221; _builder_version=&#8221;4.16&#8243; text_font=&#8221;||||||||&#8221; text_font_size=&#8221;17px&#8221; text_line_height=&#8221;1.8em&#8221; background_size=&#8221;initial&#8221; background_position=&#8221;top_left&#8221; background_repeat=&#8221;repeat&#8221; custom_margin=&#8221;|20px||20px|false|false&#8221; animation_style=&#8221;zoom&#8221; animation_direction=&#8221;left&#8221; animation_delay=&#8221;100ms&#8221; animation_intensity_zoom=&#8221;10%&#8221; global_colors_info=&#8221;{}&#8221;]<\/p>\n<p>Esta <span style=\"text-decoration: underline;\">Pol\u00edtica de privacidad<\/span> (<em>\u201cPol\u00edtica\u201d<\/em>) indica c\u00f3mo sus datos personales son tratados por el uso de nuestro sitio. Al navegar en nuestro sitio, usted concuerda con nuestra Pol\u00edtica y nos autoriza a tratar sus datos personales de la forma aqu\u00ed descrita para que podamos atenderlo de la mejor forma posible.<\/p>\n<p>Dividimos esta Pol\u00edtica respondiendo a las siguientes preguntas:<\/p>\n<ol>\n<li>\u00bfQu\u00e9 datos personales utilizamos?<\/li>\n<li>\u00bfExiste tratamiento para datos personales sensibles?<\/li>\n<li>\u00bfPara qu\u00e9 finalidad tratamos los datos personales?<\/li>\n<li>\u00bfA qui\u00e9n le damos acceso a los datos personales?<\/li>\n<li>\u00bfPodr\u00e1 haber transferencia internacional de datos personales?<\/li>\n<li>\u00bfC\u00f3mo mantenemos los datos personales seguros?<\/li>\n<li>\u00bfCu\u00e1ndo conservamos los datos personales?<\/li>\n<li>\u00bfCu\u00e1les son mis derechos?<\/li>\n<li>\u00bfC\u00f3mo hablar con GLOVIS sobre Privacidad?<\/li>\n<li>\u00bfY los cookies?<\/li>\n<li>\u00bfY si esta Pol\u00edtica se altera?<\/li>\n<\/ol>\n<p>GLOVIS BRASIL LOG\u00cdSTICA LTDA., inscripta en el CNPJ con el n\u00ba 13.272.177\/0001-99, con sede en la Avenida Hyundai, n\u00ba 905, Agua Santa, Piracicaba\/SP, C\u00f3digo Postal: 13413-500 (<em>\u201cGLOVIS\u201d<\/em>), entiende como extremadamente relevantes los registros electr\u00f3nicos y los <strong>datos personales<\/strong> dejados por usted (<em>\u201cTitular\u201d<\/em>) en la utilizaci\u00f3n de nuestro sitio, sirviendo la presente Pol\u00edtica de Privacidade (<em>\u201cPol\u00edtica\u201d<\/em>) para regular, de forma sencilla, transparente y objetiva, cu\u00e1les <strong>datos personales<\/strong> ser\u00e1n obtenidos, adem\u00e1s de c\u00f3mo, cu\u00e1ndo y de qu\u00e9 forma ellos podr\u00e1n ser utilizados.<\/p>\n<p>La Pol\u00edtica se aplica al tratamiento de datos realizado cuando ocurre la navegaci\u00f3n en nuestro sitio, siendo que GLOVIS es considerado el Controlador de los datos personales.<\/p>\n<p>La presente Pol\u00edtica describe la finalidad y forma de tratamiento de sus datos personales y se aplica a los clientes de GLOVIS y el p\u00fablico en general, abarcando la forma como tratamos los datos personales de estos titulares.<\/p>\n<p>&nbsp;<\/p>\n<h3>DEFINICIONES<\/h3>\n<p>Para que la lectura de la Pol\u00edtica de Privacidad sea facilitada, ponemos a disposici\u00f3n abajo la tabla con los t\u00e9rminos y definiciones utilizados por nosotros para que usted pueda consultar si surgen dudas.<\/p>\n<p><img loading=\"lazy\" decoding=\"async\" src=\"https:\/\/www.glovis.com.br\/wp-content\/uploads\/2022\/04\/tabela-politica-es.png\" width=\"426\" height=\"416\" alt=\"\" class=\"wp-image-7585 alignnone size-medium\" style=\"display: block; margin-left: auto; margin-right: auto;\" srcset=\"https:\/\/www.glovis.com.br\/wp-content\/uploads\/2022\/04\/tabela-politica-es.png 475w, https:\/\/www.glovis.com.br\/wp-content\/uploads\/2022\/04\/tabela-politica-es-300x293.png 300w, https:\/\/www.glovis.com.br\/wp-content\/uploads\/2022\/04\/tabela-politica-es-12x12.png 12w\" sizes=\"auto, (max-width: 426px) 100vw, 426px\" \/><\/p>\n<p>&nbsp;<\/p>\n<h3>2. \u00bfCU\u00c1LES DATOS PERSONALES UTILIZAMOS?<\/h3>\n<p>Algunos datos que utilizamos para poder prestar nuestros Servicios pueden ser considerados datos personales \u2013 es decir, informaciones relativas a usted que, individualmente o en conjunto, pueden identificarlo cuando navega en nuestro sitio, como, por ejemplo, identificaci\u00f3n del establecimiento comercial utilizado, IP con fecha y hora de la conexi\u00f3n, entre otras.<\/p>\n<p>Existe, de esta forma, el tratamiento de dos tipos de datos personales: (a) aquellos suministrados por usted; y (b) aquellos recolectados autom\u00e1ticamente.<\/p>\n<p><strong>(a) Datos personales suministrados por usted \u2013 <\/strong>nombre completo, e-mail, y cualquier otro dato que eventualmente usted pueda suministrar cuando rellene el campo \u201cmensaje\u201d que est\u00e1 al final del formulario.<\/p>\n<p><strong>(b) Datos recolectados autom\u00e1ticamente \u2013 <\/strong>caracter\u00edsticas del dispositivo de acceso, del navegador, IP (con fecha y hora), origen del IP, informaciones sobre clics, entre otras.<\/p>\n<p>&nbsp;<\/p>\n<h3>3. \u00bfEXISTE EL TRATAMIENTO DE DATOS PERSONALES SENSIBLES?<\/h3>\n<p>GLOVIS no trata, para las finalidades espec\u00edfica aqu\u00ed expuestas, datos considerados sensibles por la Ley n\u00ba 13.709\/2018, excepto en casos excepcionales y previamente autorizados por ley. Si existe la necesidad de tratar datos personales sensibles, ser\u00e1 recolectado su consentimiento.<\/p>\n<p>&nbsp;<\/p>\n<h3>4. \u00bfPARA QU\u00c9 FINALIDAD TRATAMOS LOS DATOS PERSONALES?<\/h3>\n<p>El tratamiento de los datos personales tiene como finalidad predominante la prestaci\u00f3n, ampliaci\u00f3n y la mejora de los servicios. Adem\u00e1s, podremos entrar en contacto con usted si rellena el formulario para contactar con nosotros.<\/p>\n<p>GLOVIS, en algunos casos, tambi\u00e9n puede tratar sus datos personales cuando sean necesarios para el cumplimiento de obligaciones legales.<\/p>\n<p>Adem\u00e1s, GLOVIS tambi\u00e9n podr\u00e1 tratar sus datos personales con base en su inter\u00e9s leg\u00edtimo, siempre en el l\u00edmite de cuanto es esperado por usted, y nunca en perjuicio de sus intereses, derechos y libertades fundamentales.<\/p>\n<p>De forma adicional, las informaciones recolectadas podr\u00e1n, mediante su consentimiento, ser utilizadas para la realizaci\u00f3n de investigaciones relativas a sus actividades.<\/p>\n<p>&nbsp;<\/p>\n<h3>5. \u00bfA QUI\u00c9N LE DAMOS ACCESO A LOS DATOS PERSONALES?<\/h3>\n<p>GLOVIS podr\u00e1 dar acceso a sus datos personales a:<br \/>I. Empresas aliadas y proveedores, en la prestaci\u00f3n de servicios dirigidos a usted.<br \/>II. Autoridades, entidades gubernamentales u otros terceros, para la protecci\u00f3n de los intereses de GLOVIS en cualquier tipo de conflicto, incluyendo acciones judiciales y procesos administrativos.<br \/>III. En el caso de transacciones y alteraciones societarias que involucren a GLOVIS, hip\u00f3tesis en que la transferencia de las informaciones ser\u00e1 necesaria para la continuidad de los servicios.<br \/>IV. Mediante orden judicial o por requerimiento de autoridades administrativas que tengan competencia legal para su solicitud.<\/p>\n<p>Cuando haya necesidad de dar acceso a sus datos personales, limitaremos a lo m\u00ednimo necesario, y adem\u00e1s no permitiremos que nuestros proveedores de servicios utilicen esos datos para fines diversos del contratado, y garantizaremos que estos terceros realicen el tratamiento en consonancia con lo que est\u00e1 dispuesto en la LGPD.<\/p>\n<p>&nbsp;<\/p>\n<h3>6. \u00bfPODR\u00c1 HABER TRANSFERENCIA INTERNACIONAL DE DATOS PERSONALES?<\/h3>\n<p>En general, GLOVIS no env\u00eda sus datos personales internacionalmente. Si eso ocurre, GLOVIS adoptar\u00e1 las salvaguardias necesarias que protejan sus datos personales y, siempre que sea posible, utilizaremos mecanismos de transferencia internacional de datos exigidos por las normas aplicables de protecci\u00f3n de datos.<\/p>\n<p>Podr\u00e1 ocurrir que los datos personales sean almacenados en la nube en servidores fuera del pa\u00eds. Es estos casos, ser\u00e1 evaluado el nivel de adecuaci\u00f3n de la empresa con relaci\u00f3n a las leyes generales de protecci\u00f3n de datos en su respectivo pa\u00eds.<\/p>\n<p>&nbsp;<\/p>\n<h3>7. \u00bfC\u00d3MO MANTENEMOS LOS DATOS PERSONALES SEGUROS?<\/h3>\n<p>GLOVIS utiliza los medios razonables de mercado y legalmente requeridos para preservar la privacidad de los datos personales que recolecta.<\/p>\n<p>Como forma de garantizar la seguridad y confidencialidad de sus datos personales, limitamos su acceso s\u00f3lo a aquellos que realmente necesitan conocerlos para desempe\u00f1ar sus funciones.<\/p>\n<p>Adem\u00e1s de los esfuerzos t\u00e9cnicos, GLOVIS tambi\u00e9n adopta medidas institucionales con la finalidad de proteger datos personales, de modo que mantiene una estructura y un programa de gobernanza en privacidad aplicado a sus actividades, constantemente actualizados.<\/p>\n<p>A pesar de adoptarse los mejores esfuerzos en el sentido de preservar su privacidad y proteger sus datos personales, ninguna transmisi\u00f3n de informaciones es totalmente segura, de modo que GLOVIS no puede garantizar integralmente que todos los datos que recibe o env\u00eda no sean accedidos de forma no autorizada por medio de actos perpetrados por m\u00e9todos desarrollados para obtener informaciones de forma indebida.<\/p>\n<p>Por este motivo, incentivamos que usted tome las medidas apropiadas para protegerse, como, por ejemplo, manteniendo confidenciales todos los nombres de Titular y claves, siendo cierto que esas informaciones son personales, intransferibles y de exclusiva responsabilidad suya.<\/p>\n<p>&nbsp;<\/p>\n<h3>8. \u00bfCU\u00c1NDO CONSERVAMOS LOS DATOS PERSONALES?<\/h3>\n<p>Para proteger su privacidade, los datos personales tratados por GLOVIS ser\u00e1n autom\u00e1ticamente eliminados cuando dejen de ser \u00fatiles para los fines para los que fueron recolectados, o cuando usted solicite su eliminaci\u00f3n, excepto si su mantenimiento es expresamente autorizado por ley o regulaci\u00f3n aplicable.<\/p>\n<p>Sin embargo, las informaciones podr\u00e1n ser conservadas para el cumplimiento de obligaci\u00f3n legal o de regulaci\u00f3n, transferencia a tercero \u2013 siempre que respetados los requisitos de tratamiento de datos \u2013 y uso exclusivo de GLOVIS, incluso para el ejercer sus derechos en procesos judiciales o administrativos.<\/p>\n<p>&nbsp;<\/p>\n<h3>9. \u00bfCU\u00c1LES SON MIS DERECHOS?<\/h3>\n<p>En cumplimiento a la reglamentaci\u00f3n aplicable, en lo que se refiere al tratamiento de datos personales, GLOVIS respeta y garantiza a usted la posibilidad de presentaci\u00f3n de solicitudes basadas en los siguientes derechos:<br \/>(I) Confirmaci\u00f3n y acceso: Derecho de solicitar la confirmaci\u00f3n de la existencia de tratamiento y acceso a sus datos personales por medio de informaciones claras sobre el origen de los datos, la inexistencia de registro, los criterios utilizados y la finalidad del tratamiento;<br \/>(II) Correcci\u00f3n: Derecho de requerir la correcci\u00f3n de datos incompletos, inexactos o desactualizados;<br \/>(III) Anonimizaci\u00f3n, bloqueo o eliminaci\u00f3n: Derecho de tener garantizada la desvinculaci\u00f3n de los datos personales, de requerir la suspensi\u00f3n temporal de cualquier operaci\u00f3n de tratamiento de ellos o de solicitar la exclusi\u00f3n de un dato o conjunto de datos personales, cuando estos sean innecesarios, excesivos o tratados en disconformidad con la LGPD;<br \/>(IV) Portabilidad: Derecho de solicitar la transferencia de sus datos personales a otro proveedor de servicio o producto;<br \/>(V) Eliminaci\u00f3n: Derecho de pedir la eliminaci\u00f3n de sus datos personales tratados con su consentimiento anterior;<br \/>(VI) Difusi\u00f3n: Derecho de recibir informaciones sobre las entidades p\u00fablicas y privadas que tienen acceso a sus datos datos personales;<br \/>(VII) Explicaci\u00f3n: Derecho de obtener informaci\u00f3n sobre la posibilidad y las consecuencias de no proveer su consentimiento sobre determinada operaci\u00f3n de tratamiento de sus datos personales; y<br \/>(VIII) Revocaci\u00f3n del consentimiento: Derecho de manifestar, por procedimiento gratuito y facilitado, la revocaci\u00f3n de su consentimiento con relaci\u00f3n al tratamiento de sus datos personales.<\/p>\n<p>Como Titular de datos personales, usted, tambi\u00e9n, puede oponerse al tratamiento de sus datos personales cuando realizado con incumplimiento de la LGPD, adem\u00e1s de solicitar informaciones claras respecto a los criterios y procedimientos utilizados para la toma de decisi\u00f3n con base en tratamiento autom\u00e1tico de datos personales que afecten a sus intereses, como decisiones destinadas a definir su perfil personal, profesional, de consumo y de cr\u00e9dito y tambi\u00e9n los aspectos de su personalidad.<\/p>\n<p>GLOVIS emprender\u00e1 todos los esfuerzos para atender los pedidos en el menor espacio de tiempo posible, pero factores justificables, como la complejidad de la acci\u00f3n requerida, podr\u00e1n retrasar o impedir la r\u00e1pida atenci\u00f3n.<\/p>\n<p>Finalmente, usted deber\u00e1 estar consciente de que sua requisici\u00f3n podr\u00e1 ser legalmente rechazada, ya sea por motivos formales (como su incapacidad de comprobar su identidad) o legales (como un pedido de exclusi\u00f3n de datos cuyo mantenimiento es libre ejercicio de derecho de GLOVIS).<\/p>\n<p>&nbsp;<\/p>\n<h3>10. \u00bfC\u00d3MO HABLAR CON GLOVIS SOBRE PRIVACIDAD?<\/h3>\n<p>Si usted quiere ejercer alguno de los derechos previstos en esta Pol\u00edtica o en la legislaci\u00f3n pertinente, o si usted tiene dudas, comentarios o sugerencias referentes a esta Pol\u00edtica, usted puede entrar en contacto con nosotros en las siguientes direcciones de contacto:<\/p>\n<p><strong>E-mail:<\/strong> <a href=\"mailto:lgpd@glovis.com.br\" title=\"Enviar Email\">lgpd@glovis.com.br<\/a><br \/><strong>Sitio:<\/strong> <a href=\"https:\/\/www.glovis.com.br\/es\/\">www.glovis.com.br<\/a><\/p>\n<p>&nbsp;<\/p>\n<h3>11. \u00bfY LOS COOKIES?<\/h3>\n<p>Cookies son peque\u00f1os archivos que pueden almacenar, temporalmente, informaciones sobre su navegaci\u00f3n. Los cookies pueden ser utilizados para diversos prop\u00f3sitos como almacenar informaciones, sus preferencias de navegaci\u00f3n, recolectar informaciones para ofrecer contenidos personalizados, o incluso para redireccionar el navegador a otra parte del sitio, cuando sea necesario.<\/p>\n<p>Los cookies configurados por nosotros son denominados cookies Primarios. Pero existen tambi\u00e9n los cookies de terceros, que son aquellos que son configurados por otros aliados y permiten que recursos o funciones terceras sean suministradas o aparezcan en nuestro sitio (como anuncios de publicidad, contenidos interactivos y an\u00e1lisis). Quien configura estos cookies terceros puede reconocer su computadora tanto cuando usted visita nuestro sitio, como cuando usted visita el sitio de ellos.<\/p>\n<p>Utilizamos diversas categorias de cookies, con finalidades espec\u00edficas. Ellas son las siguientes:<\/p>\n<p><strong>Cookies Esenciales \u2013 <\/strong>Estos son cookies esenciales y necesarios para que GLOVIS le provea a usted algunos de los servicios de nuestro sitio, como p\u00e1gina de registro y aplicaciones m\u00f3viles, y tambi\u00e9n para que usted consiga utilizar algunos recursos, como acceder a \u00e1reas de seguridad dentro del sitio.<\/p>\n<p><strong>Cookies de Desempe\u00f1o y Funcionalidad \u2013\u00a0<\/strong> Usados para aumentar y mejorar la funcionalidad de nuestro sitio, servicios de registro y aplicaciones m\u00f3viles. Sin estos cookies algunas funcionalidades pueden ser perjudicadas.<\/p>\n<p><strong>Cookies de Publicidad \u2013 <\/strong>Estos cookies son utilizados para hacer a los mensajes publicitarios m\u00e1s interessantes para usted. Ellos evitan que los anuncios ya vistos aparezcan nuevamente, garantizan que los anuncios sean posicionados en lugares que no molesten su lectura y, en algunos casos, presentan anuncios basados directamente en sus intereses.<\/p>\n<p><strong>Cookies de Medios Sociales \u2013 <\/strong>Estos cookies son usados para permitir que usted difunda p\u00e1ginas y contenidos que le interesen en nuestro sitio en sus medios sociales. Estos cookies tambi\u00e9n pueden ser utilizados para publicidad.<\/p>\n<p>Usted tiene el derecho de aceptar o no los cookies. Usted puede configurar su navegador para acetar o recusar cookies. Si usted opta por recusarlos, todav\u00eda podr\u00e1 entrar al sitio, pero algunas funciones y \u00e1reas del sitio pueden quedar restringidas o limitadas. Como las formas de restringir cookies pueden variar seg\u00fan el navegador, usted deber\u00e1 visitar la p\u00e1gina de <em>\u201cayuda\u201d<\/em> de su navegador para obtener m\u00e1s informaciones.<\/p>\n<h3>12. \u00bfY SI ESTA POL\u00cdTICA ES ALTERADA?<\/h3>\n<p>Cualquier alteraci\u00f3n que hagamos en esta Pol\u00edtica ser\u00e1 publicada en esta p\u00e1gina. Por favor, vuelva frecuentemente a esta p\u00e1gina para chequear si la Pol\u00edtica fue actualizada.<\/p>\n<h3>LEGISLACI\u00d3N Y CORTE<\/h3>\n<p>Esta Pol\u00edtica ser\u00e1 regida, interpretada y ejecutada seg\u00fan las leyes de la Rep\u00fablica Federativa de Brasil, especialmente la Ley n\u00ba 13.709\/2018, independientemente de las leyes de otros Estados o pa\u00edses, siendo competente la corte de domicilio del Titular para dirimir cualquier duda derivada de este documento.<\/p>\n<p>[\/et_pb_text][\/et_pb_column][\/et_pb_row][\/et_pb_section]<\/p>","protected":false},"excerpt":{"rendered":"<p>POL\u00cdTICA DE PRIVACIDADEPOL\u00cdTICA DE PRIVACIDADE DO WEBSITE DA GLOVIS BRASIL LOG\u00cdSTICA LTDA.Esta Pol\u00edtica de Privacidade (\u201cPol\u00edtica\u201d) indica como os seus dados pessoais s\u00e3o tratados em raz\u00e3o do uso do nosso site. Ao navegar em nosso site, voc\u00ea concorda com nossa Pol\u00edtica e nos autoriza a tratar os seus dados pessoais da forma aqui descrita para [&hellip;]<\/p>","protected":false},"author":1,"featured_media":0,"parent":0,"menu_order":0,"comment_status":"closed","ping_status":"closed","template":"","meta":{"_et_pb_use_builder":"on","_et_pb_old_content":"","_et_gb_content_width":"","footnotes":""},"class_list":["post-7581","page","type-page","status-publish","hentry"],"_links":{"self":[{"href":"https:\/\/www.glovis.com.br\/es\/wp-json\/wp\/v2\/pages\/7581","targetHints":{"allow":["GET"]}}],"collection":[{"href":"https:\/\/www.glovis.com.br\/es\/wp-json\/wp\/v2\/pages"}],"about":[{"href":"https:\/\/www.glovis.com.br\/es\/wp-json\/wp\/v2\/types\/page"}],"author":[{"embeddable":true,"href":"https:\/\/www.glovis.com.br\/es\/wp-json\/wp\/v2\/users\/1"}],"replies":[{"embeddable":true,"href":"https:\/\/www.glovis.com.br\/es\/wp-json\/wp\/v2\/comments?post=7581"}],"version-history":[{"count":4,"href":"https:\/\/www.glovis.com.br\/es\/wp-json\/wp\/v2\/pages\/7581\/revisions"}],"predecessor-version":[{"id":7969,"href":"https:\/\/www.glovis.com.br\/es\/wp-json\/wp\/v2\/pages\/7581\/revisions\/7969"}],"wp:attachment":[{"href":"https:\/\/www.glovis.com.br\/es\/wp-json\/wp\/v2\/media?parent=7581"}],"curies":[{"name":"wp","href":"https:\/\/api.w.org\/{rel}","templated":true}]}}