{"id":7111,"date":"2021-09-18T17:35:15","date_gmt":"2021-09-18T20:35:15","guid":{"rendered":"http:\/\/sh-pro112.teste.website\/~glovis05\/?page_id=7111"},"modified":"2022-09-15T16:03:43","modified_gmt":"2022-09-15T19:03:43","slug":"armazenamento","status":"publish","type":"page","link":"https:\/\/www.glovis.com.br\/es\/armazenamento\/","title":{"rendered":"Armazenamento"},"content":{"rendered":"<p>[et_pb_section fb_built=&#8221;1&#8243; disabled_on=&#8221;off|off|off&#8221; admin_label=&#8221;Hero&#8221; _builder_version=&#8221;4.17.3&#8243; background_enable_color=&#8221;off&#8221; background_image=&#8221;https:\/\/www.glovis.com.br\/wp-content\/uploads\/2021\/09\/header_armazen.jpg&#8221; max_height_tablet=&#8221;&#8221; max_height_phone=&#8221;300px&#8221; max_height_last_edited=&#8221;on|phone&#8221; custom_margin=&#8221;62px||||false|false&#8221; custom_padding=&#8221;0px|0px|0px|0px|false|false&#8221; hover_enabled=&#8221;0&#8243; global_colors_info=&#8221;{}&#8221; sticky_enabled=&#8221;0&#8243;][et_pb_row _builder_version=&#8221;4.16&#8243; _module_preset=&#8221;default&#8221; global_colors_info=&#8221;{}&#8221;][et_pb_column type=&#8221;4_4&#8243; _builder_version=&#8221;4.16&#8243; _module_preset=&#8221;default&#8221; global_colors_info=&#8221;{}&#8221;][et_pb_text _builder_version=&#8221;4.17.3&#8243; _module_preset=&#8221;default&#8221; text_font=&#8221;|700|||||||&#8221; text_text_color=&#8221;#FFFFFF&#8221; text_font_size=&#8221;40px&#8221; header_text_color=&#8221;#FFFFFF&#8221; custom_padding=&#8221;120px||120px||false|false&#8221; custom_padding_tablet=&#8221;120px||120px||false|false&#8221; custom_padding_phone=&#8221;100px||||false|false&#8221; custom_padding_last_edited=&#8221;on|phone&#8221; text_font_size_tablet=&#8221;40px&#8221; text_font_size_phone=&#8221;30px&#8221; text_font_size_last_edited=&#8221;on|phone&#8221; global_colors_info=&#8221;{}&#8221;]<\/p>\n<p>ALMACENAMIENTO Y OPERACIONES IN-HOUSE<\/p>\n<p>[\/et_pb_text][\/et_pb_column][\/et_pb_row][\/et_pb_section][et_pb_section fb_built=&#8221;1&#8243; custom_padding_last_edited=&#8221;on|tablet&#8221; admin_label=&#8221;Packages&#8221; _builder_version=&#8221;4.17.3&#8243; custom_padding=&#8221;50px||110px||false|false&#8221; custom_padding_tablet=&#8221;0px||0px|&#8221; custom_padding_phone=&#8221;||30px||false|false&#8221; global_colors_info=&#8221;{}&#8221;][et_pb_row custom_padding_last_edited=&#8221;on|phone&#8221; admin_label=&#8221;Packages Title&#8221; _builder_version=&#8221;4.17.3&#8243; width_tablet=&#8221;&#8221; width_phone=&#8221;90%&#8221; width_last_edited=&#8221;on|phone&#8221; custom_padding=&#8221;30px|0px|50px|0px|false|false&#8221; custom_padding_tablet=&#8221;60px||0px|&#8221; custom_padding_phone=&#8221;&#8221; locked=&#8221;off&#8221; global_colors_info=&#8221;{}&#8221;][et_pb_column type=&#8221;4_4&#8243; _builder_version=&#8221;4.16&#8243; custom_padding=&#8221;|||&#8221; global_colors_info=&#8221;{}&#8221; custom_padding__hover=&#8221;|||&#8221;][et_pb_text admin_label=&#8221;Description&#8221; _builder_version=&#8221;4.17.3&#8243; text_font=&#8221;||||||||&#8221; text_font_size=&#8221;17px&#8221; text_line_height=&#8221;1.8em&#8221; background_size=&#8221;initial&#8221; background_position=&#8221;top_left&#8221; background_repeat=&#8221;repeat&#8221; custom_margin=&#8221;|100px||100px|false|false&#8221; custom_margin_tablet=&#8221;|100px||100px|false|false&#8221; custom_margin_phone=&#8221;|10px||10px|false|false&#8221; custom_margin_last_edited=&#8221;on|phone&#8221; animation_direction=&#8221;left&#8221; text_font_size_tablet=&#8221;17px&#8221; text_font_size_phone=&#8221;15px&#8221; text_font_size_last_edited=&#8221;on|phone&#8221; global_colors_info=&#8221;{}&#8221;]<\/p>\n<p>Contamos con soluciones completas de almacenamiento y espacio f\u00edsico, con mano de obra cualificada para piezas y cargas generales, cubriendo cualquier sector industrial.<\/p>\n<p>[\/et_pb_text][\/et_pb_column][\/et_pb_row][et_pb_row admin_label=&#8221;Package&#8221; _builder_version=&#8221;4.17.3&#8243; background_size=&#8221;initial&#8221; background_position=&#8221;top_left&#8221; background_repeat=&#8221;repeat&#8221; width_tablet=&#8221;&#8221; width_phone=&#8221;90%&#8221; width_last_edited=&#8221;on|phone&#8221; global_colors_info=&#8221;{}&#8221;][et_pb_column type=&#8221;4_4&#8243; _builder_version=&#8221;4.16&#8243; custom_padding=&#8221;|||&#8221; global_colors_info=&#8221;{}&#8221; custom_padding__hover=&#8221;|||&#8221;][et_pb_accordion _builder_version=&#8221;4.17.3&#8243; _module_preset=&#8221;default&#8221; hover_enabled=&#8221;0&#8243; global_colors_info=&#8221;{}&#8221; disabled_on=&#8221;on|off|off&#8221; sticky_enabled=&#8221;0&#8243;][et_pb_accordion_item title=&#8221;Armazenagem e opera\u00e7\u00f5es in-house&#8221; open=&#8221;on&#8221; _builder_version=&#8221;4.16&#8243; _module_preset=&#8221;default&#8221; body_text_align=&#8221;left&#8221; text_orientation=&#8221;justified&#8221; width=&#8221;70%&#8221; module_alignment=&#8221;center&#8221; hover_enabled=&#8221;0&#8243; global_colors_info=&#8221;{}&#8221; toggle_text_align=&#8221;center&#8221; sticky_enabled=&#8221;0&#8243;]<\/p>\n<p><img loading=\"lazy\" decoding=\"async\" src=\"https:\/\/www.glovis.com.br\/wp-content\/uploads\/2021\/09\/amazenamento.jpg\" width=\"295\" height=\"230\" alt=\"\" class=\"wp-image-7079 alignnone size-full\" \/><\/p>\n<ul>\n<li>Desplazamiento;<\/li>\n<li>Inventario;<\/li>\n<li>Control de stock;<\/li>\n<li>Montaje de kits;<\/li>\n<li>Operaci\u00f3n JIS (Just in sequence);<\/li>\n<li>Abastecimiento de l\u00edneas de producci\u00f3n;<\/li>\n<li>Embalaje\/desembalaje\/preparaci\u00f3n de piezas;<\/li>\n<li>Disponibilidad de equipos de desplazamiento espec\u00edfico (apiladoras, reach stacker);<\/li>\n<li>Knock-Down (KD);<\/li>\n<li>Almacenamiento, control y distribuci\u00f3n de productos alimenticios y en general.<\/li>\n<\/ul>\n<p>[\/et_pb_accordion_item][\/et_pb_accordion][et_pb_accordion disabled_on=&#8221;off|on|on&#8221; _builder_version=&#8221;4.17.3&#8243; _module_preset=&#8221;default&#8221; hover_enabled=&#8221;0&#8243; global_colors_info=&#8221;{}&#8221; theme_builder_area=&#8221;post_content&#8221; sticky_enabled=&#8221;0&#8243;][et_pb_accordion_item title=&#8221;Armazenagem e opera\u00e7\u00f5es in-house&#8221; open=&#8221;on&#8221; _builder_version=&#8221;4.17.3&#8243; _module_preset=&#8221;default&#8221; hover_enabled=&#8221;0&#8243; global_colors_info=&#8221;{}&#8221; theme_builder_area=&#8221;post_content&#8221; sticky_enabled=&#8221;0&#8243;]<\/p>\n<p><img loading=\"lazy\" decoding=\"async\" src=\"https:\/\/www.glovis.com.br\/wp-content\/uploads\/2021\/09\/amazenamento.jpg\" width=\"295\" height=\"230\" alt=\"\" class=\"wp-image-7079 alignnone size-full\" \/><\/p>\n<ul>\n<li>Desplazamiento;<\/li>\n<li>Inventario;<\/li>\n<li>Control de stock;<\/li>\n<li>Montaje de kits;<\/li>\n<li>Operaci\u00f3n JIS (Just in sequence);<\/li>\n<li>Abastecimiento de l\u00edneas de producci\u00f3n;<\/li>\n<li>Embalaje\/desembalaje\/preparaci\u00f3n de piezas;<\/li>\n<li>Disponibilidad de equipos de desplazamiento espec\u00edfico (apiladoras, reach stacker);<\/li>\n<li>Knock-Down (KD);<\/li>\n<li>Almacenamiento, control y distribuci\u00f3n de productos alimenticios y en general.<\/li>\n<\/ul>\n<p>[\/et_pb_accordion_item][\/et_pb_accordion][\/et_pb_column][\/et_pb_row][\/et_pb_section]<\/p>","protected":false},"excerpt":{"rendered":"<p>ARMAZENAGEM E OPERA\u00c7\u00d5ES IN-HOUSEContamos com solu\u00e7\u00f5es completas de armazenagem espa\u00e7o f\u00edsico, com m\u00e3o de obra qualificada para pe\u00e7as e cargas gerais, cobrindo qualquer setor industrial. Movimenta\u00e7\u00e3o; Invent\u00e1rio; Controle de estoque; Montagem de kits; Opera\u00e7\u00e3o JIS (Just in sequence); Abastecimento de linhas de produ\u00e7\u00e3o; Embalagem\/desembalagem\/prepara\u00e7\u00e3o de pe\u00e7as; Disponibiliza\u00e7\u00e3o de equipamentos de movimenta\u00e7\u00e3o espec\u00edfica (empilhadeiras, reach stacker); [&hellip;]<\/p>","protected":false},"author":1,"featured_media":0,"parent":0,"menu_order":0,"comment_status":"closed","ping_status":"closed","template":"","meta":{"_et_pb_use_builder":"on","_et_pb_old_content":"","_et_gb_content_width":"","footnotes":""},"class_list":["post-7111","page","type-page","status-publish","hentry"],"_links":{"self":[{"href":"https:\/\/www.glovis.com.br\/es\/wp-json\/wp\/v2\/pages\/7111","targetHints":{"allow":["GET"]}}],"collection":[{"href":"https:\/\/www.glovis.com.br\/es\/wp-json\/wp\/v2\/pages"}],"about":[{"href":"https:\/\/www.glovis.com.br\/es\/wp-json\/wp\/v2\/types\/page"}],"author":[{"embeddable":true,"href":"https:\/\/www.glovis.com.br\/es\/wp-json\/wp\/v2\/users\/1"}],"replies":[{"embeddable":true,"href":"https:\/\/www.glovis.com.br\/es\/wp-json\/wp\/v2\/comments?post=7111"}],"version-history":[{"count":12,"href":"https:\/\/www.glovis.com.br\/es\/wp-json\/wp\/v2\/pages\/7111\/revisions"}],"predecessor-version":[{"id":7936,"href":"https:\/\/www.glovis.com.br\/es\/wp-json\/wp\/v2\/pages\/7111\/revisions\/7936"}],"wp:attachment":[{"href":"https:\/\/www.glovis.com.br\/es\/wp-json\/wp\/v2\/media?parent=7111"}],"curies":[{"name":"wp","href":"https:\/\/api.w.org\/{rel}","templated":true}]}}