{"id":7107,"date":"2021-09-18T17:34:14","date_gmt":"2021-09-18T20:34:14","guid":{"rendered":"http:\/\/sh-pro112.teste.website\/~glovis05\/?page_id=7107"},"modified":"2022-09-15T15:20:30","modified_gmt":"2022-09-15T18:20:30","slug":"gerenciamento-de-containers","status":"publish","type":"page","link":"https:\/\/www.glovis.com.br\/es\/gerenciamento-de-containers\/","title":{"rendered":"Gerenciamento de Containers"},"content":{"rendered":"<p>[et_pb_section fb_built=&#8221;1&#8243; disabled_on=&#8221;off|off|off&#8221; admin_label=&#8221;Hero&#8221; _builder_version=&#8221;4.17.3&#8243; background_enable_color=&#8221;off&#8221; background_image=&#8221;https:\/\/www.glovis.com.br\/wp-content\/uploads\/2021\/09\/gerenciamento-de-containers.jpg&#8221; max_height_tablet=&#8221;&#8221; max_height_phone=&#8221;300px&#8221; max_height_last_edited=&#8221;on|phone&#8221; custom_margin=&#8221;62px||||false|false&#8221; custom_padding=&#8221;0px|0px|0px|0px|false|false&#8221; global_colors_info=&#8221;{}&#8221;][et_pb_row _builder_version=&#8221;4.16&#8243; _module_preset=&#8221;default&#8221; global_colors_info=&#8221;{}&#8221;][et_pb_column type=&#8221;4_4&#8243; _builder_version=&#8221;4.16&#8243; _module_preset=&#8221;default&#8221; global_colors_info=&#8221;{}&#8221;][et_pb_text _builder_version=&#8221;4.17.3&#8243; _module_preset=&#8221;default&#8221; text_font=&#8221;|700|||||||&#8221; text_text_color=&#8221;#FFFFFF&#8221; text_font_size=&#8221;40px&#8221; header_text_color=&#8221;#FFFFFF&#8221; custom_padding=&#8221;120px||120px||false|false&#8221; custom_padding_tablet=&#8221;120px||120px||false|false&#8221; custom_padding_phone=&#8221;90px||||false|false&#8221; custom_padding_last_edited=&#8221;on|phone&#8221; text_font_size_tablet=&#8221;40px&#8221; text_font_size_phone=&#8221;30px&#8221; text_font_size_last_edited=&#8221;on|phone&#8221; text_line_height_tablet=&#8221;&#8221; text_line_height_phone=&#8221;1em&#8221; text_line_height_last_edited=&#8221;on|phone&#8221; global_colors_info=&#8221;{}&#8221;]<\/p>\n<p>GESTI\u00d3N DEL PATIO DE CONTENEDORES<\/p>\n<p>[\/et_pb_text][\/et_pb_column][\/et_pb_row][\/et_pb_section][et_pb_section fb_built=&#8221;1&#8243; custom_padding_last_edited=&#8221;on|tablet&#8221; admin_label=&#8221;Packages&#8221; _builder_version=&#8221;4.17.3&#8243; custom_padding=&#8221;50px||110px||false|false&#8221; custom_padding_tablet=&#8221;0px||0px|&#8221; custom_padding_phone=&#8221;||30px||false|false&#8221; hover_enabled=&#8221;0&#8243; global_colors_info=&#8221;{}&#8221; sticky_enabled=&#8221;0&#8243;][et_pb_row custom_padding_last_edited=&#8221;on|phone&#8221; admin_label=&#8221;Packages Title&#8221; _builder_version=&#8221;4.17.3&#8243; width_tablet=&#8221;&#8221; width_phone=&#8221;90%&#8221; width_last_edited=&#8221;on|phone&#8221; custom_padding=&#8221;30px|0px|50px|0px|false|false&#8221; custom_padding_tablet=&#8221;60px||0px|&#8221; custom_padding_phone=&#8221;&#8221; locked=&#8221;off&#8221; global_colors_info=&#8221;{}&#8221;][et_pb_column type=&#8221;4_4&#8243; _builder_version=&#8221;4.16&#8243; custom_padding=&#8221;|||&#8221; global_colors_info=&#8221;{}&#8221; custom_padding__hover=&#8221;|||&#8221;][et_pb_text admin_label=&#8221;Description&#8221; _builder_version=&#8221;4.17.3&#8243; text_font=&#8221;||||||||&#8221; text_font_size=&#8221;17px&#8221; text_line_height=&#8221;1.8em&#8221; background_size=&#8221;initial&#8221; background_position=&#8221;top_left&#8221; background_repeat=&#8221;repeat&#8221; custom_margin=&#8221;|100px||100px|false|false&#8221; custom_margin_tablet=&#8221;|100px||100px|false|false&#8221; custom_margin_phone=&#8221;|10px||10px|false|false&#8221; custom_margin_last_edited=&#8221;on|phone&#8221; animation_direction=&#8221;left&#8221; text_font_size_tablet=&#8221;17px&#8221; text_font_size_phone=&#8221;15px&#8221; text_font_size_last_edited=&#8221;on|phone&#8221; global_colors_info=&#8221;{}&#8221;]<\/p>\n<p>GLOVIS posee operaciones de patio de contenedores y cargas sueltas para actuar en el transporte y almacenamiento, transferencia de material, relleno y vaciado de contenedores, entre otros.<\/p>\n<p>[\/et_pb_text][\/et_pb_column][\/et_pb_row][et_pb_row admin_label=&#8221;Package&#8221; _builder_version=&#8221;4.17.3&#8243; background_size=&#8221;initial&#8221; background_position=&#8221;top_left&#8221; background_repeat=&#8221;repeat&#8221; width_tablet=&#8221;&#8221; width_phone=&#8221;90%&#8221; width_last_edited=&#8221;on|phone&#8221; global_colors_info=&#8221;{}&#8221;][et_pb_column type=&#8221;4_4&#8243; _builder_version=&#8221;4.16&#8243; custom_padding=&#8221;|||&#8221; global_colors_info=&#8221;{}&#8221; custom_padding__hover=&#8221;|||&#8221;][et_pb_tabs active_tab_background_color=&#8221;#2c3962&#8243; active_tab_text_color=&#8221;#FFFFFF&#8221; module_class=&#8221;vertical-tabs2&#8243; _builder_version=&#8221;4.17.3&#8243; _module_preset=&#8221;default&#8221; tab_text_color=&#8221;#000000&#8243; tab_font_size=&#8221;17px&#8221; tab_line_height=&#8221;3em&#8221; background_color=&#8221;#FFFFFF&#8221; hover_enabled=&#8221;0&#8243; global_colors_info=&#8221;{}&#8221; sticky_enabled=&#8221;0&#8243; disabled_on=&#8221;on|off|off&#8221;][et_pb_tab title=&#8221;Terminal de cont\u00eaineres&#8221; _builder_version=&#8221;4.17.3&#8243; _module_preset=&#8221;default&#8221; body_font_size=&#8221;16px&#8221; hover_enabled=&#8221;0&#8243; global_colors_info=&#8221;{}&#8221; sticky_enabled=&#8221;0&#8243;]<\/p>\n<p><img loading=\"lazy\" decoding=\"async\" src=\"https:\/\/www.glovis.com.br\/wp-content\/uploads\/2021\/09\/gerenciamento-de-container.jpg\" width=\"295\" height=\"230\" alt=\"\" class=\"wp-image-7080 alignnone size-full\" \/><\/p>\n<ul>\n<li>Tenemos terminales de contenedores para apoyo operacional en Santos (margen derecha y margen izquierda) y en el interior del estado de S\u00e3o Paulo (regi\u00f3n de Piracicaba);<\/li>\n<li>Relleno y vaciado de contenedores;<\/li>\n<li>Adecuaci\u00f3n y upgrade de contenedores;<\/li>\n<li>Carga y descarga de cargamentos en general;<\/li>\n<li>Gesti\u00f3n de demoraje.<\/li>\n<\/ul>\n<p>[\/et_pb_tab][et_pb_tab title=&#8221;Recebimento e Gest\u00e3o de Cont\u00eaineres&#8221; _builder_version=&#8221;4.17.3&#8243; _module_preset=&#8221;default&#8221; body_font_size=&#8221;16px&#8221; custom_padding=&#8221;||||false|false&#8221; hover_enabled=&#8221;0&#8243; global_colors_info=&#8221;{}&#8221; sticky_enabled=&#8221;0&#8243;]<\/p>\n<p><img loading=\"lazy\" decoding=\"async\" src=\"https:\/\/www.glovis.com.br\/wp-content\/uploads\/2022\/03\/recebimento_e_gestao_de_containers.jpg\" width=\"295\" height=\"230\" alt=\"\" class=\"wp-image-7565 alignnone size-full\" srcset=\"https:\/\/www.glovis.com.br\/wp-content\/uploads\/2022\/03\/recebimento_e_gestao_de_containers.jpg 295w, https:\/\/www.glovis.com.br\/wp-content\/uploads\/2022\/03\/recebimento_e_gestao_de_containers-15x12.jpg 15w\" sizes=\"auto, (max-width: 295px) 100vw, 295px\" \/><\/p>\n<p>[\/et_pb_tab][et_pb_tab title=&#8221;Movimenta\u00e7\u00e3o e Armazenagem&#8221; _builder_version=&#8221;4.17.3&#8243; _module_preset=&#8221;default&#8221; body_font_size=&#8221;16px&#8221; hover_enabled=&#8221;0&#8243; global_colors_info=&#8221;{}&#8221; sticky_enabled=&#8221;0&#8243;]<\/p>\n<p><img loading=\"lazy\" decoding=\"async\" src=\"https:\/\/www.glovis.com.br\/wp-content\/uploads\/2022\/03\/movimentacao_e_armazenagem.jpg\" width=\"295\" height=\"230\" alt=\"\" class=\"wp-image-7564 alignnone size-full\" srcset=\"https:\/\/www.glovis.com.br\/wp-content\/uploads\/2022\/03\/movimentacao_e_armazenagem.jpg 295w, https:\/\/www.glovis.com.br\/wp-content\/uploads\/2022\/03\/movimentacao_e_armazenagem-15x12.jpg 15w\" sizes=\"auto, (max-width: 295px) 100vw, 295px\" \/><\/p>\n<p>&nbsp;<\/p>\n<p>[\/et_pb_tab][et_pb_tab title=&#8221;Atendimento das docas de abastecimento&#8221; _builder_version=&#8221;4.17.3&#8243; _module_preset=&#8221;default&#8221; body_font_size=&#8221;16px&#8221; hover_enabled=&#8221;0&#8243; global_colors_info=&#8221;{}&#8221; sticky_enabled=&#8221;0&#8243;]<\/p>\n<p><img loading=\"lazy\" decoding=\"async\" src=\"https:\/\/www.glovis.com.br\/wp-content\/uploads\/2022\/03\/atendimento_das_docas_de_abastecimento.jpg\" width=\"295\" height=\"230\" alt=\"\" class=\"wp-image-7563 alignnone size-full\" srcset=\"https:\/\/www.glovis.com.br\/wp-content\/uploads\/2022\/03\/atendimento_das_docas_de_abastecimento.jpg 295w, https:\/\/www.glovis.com.br\/wp-content\/uploads\/2022\/03\/atendimento_das_docas_de_abastecimento-15x12.jpg 15w\" sizes=\"auto, (max-width: 295px) 100vw, 295px\" \/><\/p>\n<p>&nbsp;<\/p>\n<p>[\/et_pb_tab][et_pb_tab title=&#8221;Transfer\u00eancia de material&#8221; _builder_version=&#8221;4.17.3&#8243; _module_preset=&#8221;default&#8221; body_font_size=&#8221;16px&#8221; hover_enabled=&#8221;0&#8243; global_colors_info=&#8221;{}&#8221; sticky_enabled=&#8221;0&#8243;]<\/p>\n<p><img loading=\"lazy\" decoding=\"async\" src=\"https:\/\/www.glovis.com.br\/wp-content\/uploads\/2022\/03\/transferencia_de_material.jpg\" width=\"295\" height=\"230\" alt=\"\" class=\"wp-image-7566 alignnone size-full\" srcset=\"https:\/\/www.glovis.com.br\/wp-content\/uploads\/2022\/03\/transferencia_de_material.jpg 295w, https:\/\/www.glovis.com.br\/wp-content\/uploads\/2022\/03\/transferencia_de_material-15x12.jpg 15w\" sizes=\"auto, (max-width: 295px) 100vw, 295px\" \/><\/p>\n<p>&nbsp;<\/p>\n<p>[\/et_pb_tab][\/et_pb_tabs][et_pb_accordion disabled_on=&#8221;off|on|on&#8221; _builder_version=&#8221;4.17.3&#8243; _module_preset=&#8221;default&#8221; hover_enabled=&#8221;0&#8243; global_colors_info=&#8221;{}&#8221; theme_builder_area=&#8221;post_content&#8221; sticky_enabled=&#8221;0&#8243;][et_pb_accordion_item title=&#8221;Terminal de cont\u00eaineres&#8221; open=&#8221;on&#8221; _builder_version=&#8221;4.17.3&#8243; _module_preset=&#8221;default&#8221; hover_enabled=&#8221;0&#8243; global_colors_info=&#8221;{}&#8221; theme_builder_area=&#8221;post_content&#8221; sticky_enabled=&#8221;0&#8243;]<img loading=\"lazy\" decoding=\"async\" src=\"https:\/\/www.glovis.com.br\/wp-content\/uploads\/2021\/09\/gerenciamento-de-container.jpg\" width=\"295\" height=\"230\" alt=\"\" class=\"wp-image-7080 alignnone size-full\" \/><\/p>\n<ul>\n<li>Tenemos terminales de contenedores para apoyo operacional en Santos (margen derecha y margen izquierda) y en el interior del estado de S\u00e3o Paulo (regi\u00f3n de Piracicaba);<\/li>\n<li>Relleno y vaciado de contenedores;<\/li>\n<li>Adecuaci\u00f3n y upgrade de contenedores;<\/li>\n<li>Carga y descarga de cargamentos en general;<\/li>\n<li>Gesti\u00f3n de demoraje.<\/li>\n<\/ul>\n<p>[\/et_pb_accordion_item][et_pb_accordion_item title=&#8221;Recebimento e Gest\u00e3o de Cont\u00eaineres&#8221; _builder_version=&#8221;4.17.3&#8243; _module_preset=&#8221;default&#8221; hover_enabled=&#8221;0&#8243; global_colors_info=&#8221;{}&#8221; theme_builder_area=&#8221;post_content&#8221; open=&#8221;off&#8221; sticky_enabled=&#8221;0&#8243;]<img loading=\"lazy\" decoding=\"async\" src=\"https:\/\/www.glovis.com.br\/wp-content\/uploads\/2022\/03\/recebimento_e_gestao_de_containers.jpg\" width=\"295\" height=\"230\" alt=\"\" class=\"wp-image-7565 alignnone size-full\" srcset=\"https:\/\/www.glovis.com.br\/wp-content\/uploads\/2022\/03\/recebimento_e_gestao_de_containers.jpg 295w, https:\/\/www.glovis.com.br\/wp-content\/uploads\/2022\/03\/recebimento_e_gestao_de_containers-15x12.jpg 15w\" sizes=\"auto, (max-width: 295px) 100vw, 295px\" \/>[\/et_pb_accordion_item][et_pb_accordion_item title=&#8221;Movimenta\u00e7\u00e3o e Armazenagem&#8221; _builder_version=&#8221;4.17.3&#8243; _module_preset=&#8221;default&#8221; hover_enabled=&#8221;0&#8243; global_colors_info=&#8221;{}&#8221; theme_builder_area=&#8221;post_content&#8221; open=&#8221;off&#8221; sticky_enabled=&#8221;0&#8243;]<img loading=\"lazy\" decoding=\"async\" src=\"https:\/\/www.glovis.com.br\/wp-content\/uploads\/2022\/03\/movimentacao_e_armazenagem.jpg\" width=\"295\" height=\"230\" alt=\"\" class=\"wp-image-7564 alignnone size-full\" srcset=\"https:\/\/www.glovis.com.br\/wp-content\/uploads\/2022\/03\/movimentacao_e_armazenagem.jpg 295w, https:\/\/www.glovis.com.br\/wp-content\/uploads\/2022\/03\/movimentacao_e_armazenagem-15x12.jpg 15w\" sizes=\"auto, (max-width: 295px) 100vw, 295px\" \/><\/p>\n<p>&nbsp;[\/et_pb_accordion_item][et_pb_accordion_item title=&#8221;Atendimento das docas de abastecimento&#8221; _builder_version=&#8221;4.17.3&#8243; _module_preset=&#8221;default&#8221; hover_enabled=&#8221;0&#8243; global_colors_info=&#8221;{}&#8221; theme_builder_area=&#8221;post_content&#8221; open=&#8221;off&#8221; sticky_enabled=&#8221;0&#8243;]<img loading=\"lazy\" decoding=\"async\" src=\"https:\/\/www.glovis.com.br\/wp-content\/uploads\/2022\/03\/atendimento_das_docas_de_abastecimento.jpg\" width=\"295\" height=\"230\" alt=\"\" class=\"wp-image-7563 alignnone size-full\" srcset=\"https:\/\/www.glovis.com.br\/wp-content\/uploads\/2022\/03\/atendimento_das_docas_de_abastecimento.jpg 295w, https:\/\/www.glovis.com.br\/wp-content\/uploads\/2022\/03\/atendimento_das_docas_de_abastecimento-15x12.jpg 15w\" sizes=\"auto, (max-width: 295px) 100vw, 295px\" \/><\/p>\n<p>&nbsp;[\/et_pb_accordion_item][et_pb_accordion_item title=&#8221;Transfer\u00eancia de material&#8221; _builder_version=&#8221;4.17.3&#8243; _module_preset=&#8221;default&#8221; hover_enabled=&#8221;0&#8243; global_colors_info=&#8221;{}&#8221; theme_builder_area=&#8221;post_content&#8221; open=&#8221;off&#8221; sticky_enabled=&#8221;0&#8243;]<img loading=\"lazy\" decoding=\"async\" src=\"https:\/\/www.glovis.com.br\/wp-content\/uploads\/2022\/03\/transferencia_de_material.jpg\" width=\"295\" height=\"230\" alt=\"\" class=\"wp-image-7566 alignnone size-full\" srcset=\"https:\/\/www.glovis.com.br\/wp-content\/uploads\/2022\/03\/transferencia_de_material.jpg 295w, https:\/\/www.glovis.com.br\/wp-content\/uploads\/2022\/03\/transferencia_de_material-15x12.jpg 15w\" sizes=\"auto, (max-width: 295px) 100vw, 295px\" \/><\/p>\n<p>&nbsp;[\/et_pb_accordion_item][\/et_pb_accordion][\/et_pb_column][\/et_pb_row][\/et_pb_section]<\/p>","protected":false},"excerpt":{"rendered":"<p>GERENCIAMENTO DO P\u00c1TIO DE CONT\u00caINERESA GLOVIS possui opera\u00e7\u00f5es de p\u00e1tio de cont\u00eaineres e cargas soltas para atuar na movimenta\u00e7\u00e3o e armazenagem, transfer\u00eancia de material, ova e desova de cont\u00eaineres, entre outros. Temos terminais de cont\u00eaineres para apoio operacional em Santos (margem direita e margem esquerda) e no interior de S\u00e3o Paulo (regi\u00e3o de Piracicaba); Ova [&hellip;]<\/p>","protected":false},"author":1,"featured_media":0,"parent":0,"menu_order":0,"comment_status":"closed","ping_status":"closed","template":"","meta":{"_et_pb_use_builder":"on","_et_pb_old_content":"","_et_gb_content_width":"","footnotes":""},"class_list":["post-7107","page","type-page","status-publish","hentry"],"_links":{"self":[{"href":"https:\/\/www.glovis.com.br\/es\/wp-json\/wp\/v2\/pages\/7107","targetHints":{"allow":["GET"]}}],"collection":[{"href":"https:\/\/www.glovis.com.br\/es\/wp-json\/wp\/v2\/pages"}],"about":[{"href":"https:\/\/www.glovis.com.br\/es\/wp-json\/wp\/v2\/types\/page"}],"author":[{"embeddable":true,"href":"https:\/\/www.glovis.com.br\/es\/wp-json\/wp\/v2\/users\/1"}],"replies":[{"embeddable":true,"href":"https:\/\/www.glovis.com.br\/es\/wp-json\/wp\/v2\/comments?post=7107"}],"version-history":[{"count":23,"href":"https:\/\/www.glovis.com.br\/es\/wp-json\/wp\/v2\/pages\/7107\/revisions"}],"predecessor-version":[{"id":7916,"href":"https:\/\/www.glovis.com.br\/es\/wp-json\/wp\/v2\/pages\/7107\/revisions\/7916"}],"wp:attachment":[{"href":"https:\/\/www.glovis.com.br\/es\/wp-json\/wp\/v2\/media?parent=7107"}],"curies":[{"name":"wp","href":"https:\/\/api.w.org\/{rel}","templated":true}]}}