{"id":49,"date":"2021-08-17T10:39:40","date_gmt":"2021-08-17T13:39:40","guid":{"rendered":"http:\/\/sh-pro112.teste.website\/~glovis05\/?page_id=49"},"modified":"2024-09-16T10:17:12","modified_gmt":"2024-09-16T13:17:12","slug":"area-de-atuacao","status":"publish","type":"page","link":"https:\/\/www.glovis.com.br\/es\/area-de-atuacao\/","title":{"rendered":"\u00c1reas de actuaci\u00f3n"},"content":{"rendered":"<p>[et_pb_section fb_built=&#8221;1&#8243; disabled_on=&#8221;off|off|off&#8221; admin_label=&#8221;Hero&#8221; _builder_version=&#8221;4.19.0&#8243; background_enable_color=&#8221;off&#8221; background_image=&#8221;https:\/\/www.glovis.com.br\/wp-content\/uploads\/2021\/09\/header_areasdeatuacao.jpg&#8221; transform_scale_last_edited=&#8221;off|phone&#8221; transform_translate_last_edited=&#8221;off|phone&#8221; transform_rotate_last_edited=&#8221;off|phone&#8221; transform_skew_last_edited=&#8221;off|phone&#8221; transform_origin_last_edited=&#8221;off|phone&#8221; transform_styles_last_edited=&#8221;off|phone&#8221; max_height_tablet=&#8221;&#8221; max_height_phone=&#8221;250px&#8221; max_height_last_edited=&#8221;on|phone&#8221; custom_margin=&#8221;62px||||false|false&#8221; custom_padding=&#8221;0px|0px|0px|0px|false|false&#8221; global_colors_info=&#8221;{}&#8221;][et_pb_row _builder_version=&#8221;4.16&#8243; _module_preset=&#8221;default&#8221; global_colors_info=&#8221;{}&#8221;][et_pb_column type=&#8221;4_4&#8243; _builder_version=&#8221;4.16&#8243; _module_preset=&#8221;default&#8221; global_colors_info=&#8221;{}&#8221;][et_pb_text _builder_version=&#8221;4.17.3&#8243; _module_preset=&#8221;default&#8221; text_font=&#8221;|700|||||||&#8221; text_text_color=&#8221;#FFFFFF&#8221; text_font_size=&#8221;40px&#8221; header_text_color=&#8221;#FFFFFF&#8221; custom_padding=&#8221;120px||120px||false|false&#8221; custom_padding_tablet=&#8221;120px||120px||false|false&#8221; custom_padding_phone=&#8221;100px||100px||false|false&#8221; custom_padding_last_edited=&#8221;on|phone&#8221; text_font_size_tablet=&#8221;40px&#8221; text_font_size_phone=&#8221;25px&#8221; text_font_size_last_edited=&#8221;on|phone&#8221; global_colors_info=&#8221;{}&#8221;]<\/p>\n<p>\u00c1REAS DE ACTUACI\u00d3N<\/p>\n<p>[\/et_pb_text][\/et_pb_column][\/et_pb_row][\/et_pb_section][et_pb_section fb_built=&#8221;1&#8243; custom_padding_last_edited=&#8221;on|tablet&#8221; admin_label=&#8221;Packages&#8221; _builder_version=&#8221;4.16&#8243; custom_padding=&#8221;110px||110px|&#8221; custom_padding_tablet=&#8221;0px||0px|&#8221; custom_padding_phone=&#8221;&#8221; global_colors_info=&#8221;{}&#8221;][et_pb_row custom_padding_last_edited=&#8221;on|phone&#8221; admin_label=&#8221;Packages Title&#8221; _builder_version=&#8221;4.17.3&#8243; width_tablet=&#8221;&#8221; width_phone=&#8221;90%&#8221; width_last_edited=&#8221;on|phone&#8221; custom_padding=&#8221;30px|0px|50px|0px|false|false&#8221; custom_padding_tablet=&#8221;60px||0px|&#8221; custom_padding_phone=&#8221;&#8221; locked=&#8221;off&#8221; global_colors_info=&#8221;{}&#8221;][et_pb_column type=&#8221;4_4&#8243; _builder_version=&#8221;4.16&#8243; custom_padding=&#8221;|||&#8221; global_colors_info=&#8221;{}&#8221; custom_padding__hover=&#8221;|||&#8221;][et_pb_text _builder_version=&#8221;4.19.0&#8243; text_font=&#8221;||||&#8221; text_text_color=&#8221;#1a1a1a&#8221; header_font=&#8221;|700||on|||||&#8221; header_text_align=&#8221;center&#8221; header_font_size=&#8221;40px&#8221; header_line_height=&#8221;1.3em&#8221; module_alignment=&#8221;center&#8221; custom_margin=&#8221;|||&#8221; custom_margin_tablet=&#8221;|||&#8221; custom_margin_phone=&#8221;||||false|false&#8221; custom_margin_last_edited=&#8221;on|phone&#8221; custom_padding=&#8221;||||false|false&#8221; animation_style=&#8221;slide&#8221; animation_direction=&#8221;top&#8221; animation_intensity_slide=&#8221;10%&#8221; header_font_size_tablet=&#8221;40px&#8221; header_font_size_phone=&#8221;35px&#8221; header_font_size_last_edited=&#8221;on|phone&#8221; locked=&#8221;off&#8221; global_colors_info=&#8221;{}&#8221;]<\/p>\n<h1>ADONDE USTED NECESITE.<\/h1>\n<p>[\/et_pb_text][et_pb_divider color=&#8221;#000000&#8243; divider_position=&#8221;center&#8221; divider_weight=&#8221;3px&#8221; disabled_on=&#8221;off|off|off&#8221; _builder_version=&#8221;4.17.3&#8243; max_width=&#8221;150px&#8221; module_alignment=&#8221;center&#8221; height=&#8221;false&#8221; custom_margin=&#8221;30px|||&#8221; custom_margin_tablet=&#8221;30px|||&#8221; custom_margin_phone=&#8221;30px||30px||false|false&#8221; custom_margin_last_edited=&#8221;on|phone&#8221; animation_style=&#8221;slide&#8221; animation_direction=&#8221;top&#8221; animation_delay=&#8221;100ms&#8221; animation_intensity_slide=&#8221;10%&#8221; locked=&#8221;off&#8221; global_colors_info=&#8221;{}&#8221;][\/et_pb_divider][et_pb_text admin_label=&#8221;Description&#8221; _builder_version=&#8221;4.17.3&#8243; text_font=&#8221;||||||||&#8221; text_font_size=&#8221;17px&#8221; text_line_height=&#8221;1.8em&#8221; background_size=&#8221;initial&#8221; background_position=&#8221;top_left&#8221; background_repeat=&#8221;repeat&#8221; custom_margin=&#8221;|100px||100px|false|false&#8221; custom_margin_tablet=&#8221;|100px||100px|false|false&#8221; custom_margin_phone=&#8221;|0px||0px|false|false&#8221; custom_margin_last_edited=&#8221;on|phone&#8221; animation_style=&#8221;zoom&#8221; animation_direction=&#8221;left&#8221; animation_delay=&#8221;100ms&#8221; animation_intensity_zoom=&#8221;10%&#8221; text_font_size_tablet=&#8221;17px&#8221; text_font_size_phone=&#8221;15px&#8221; text_font_size_last_edited=&#8221;on|phone&#8221; global_colors_info=&#8221;{}&#8221;]<\/p>\n<p>GLOVIS es responsable de servicios especializados de transporte nacional e internacional, almacenamiento, gesti\u00f3n, seguimiento, entre otros. Ellos son respaldados por nuestra experiencia y estructura globales, por el know-how de un equipo cualificado y por una flota propia de camiones, barcos Ro-Ro y graneleros.<\/p>\n<p>[\/et_pb_text][\/et_pb_column][\/et_pb_row][et_pb_row column_structure=&#8221;1_4,1_4,1_4,1_4&#8243; use_custom_gutter=&#8221;on&#8221; gutter_width=&#8221;2&#8243; disabled_on=&#8221;off|off|off&#8221; admin_label=&#8221;Package&#8221; _builder_version=&#8221;4.16&#8243; background_size=&#8221;initial&#8221; background_position=&#8221;top_left&#8221; background_repeat=&#8221;repeat&#8221; module_alignment=&#8221;center&#8221; custom_margin=&#8221;||||false|false&#8221; global_colors_info=&#8221;{}&#8221;][et_pb_column type=&#8221;1_4&#8243; _builder_version=&#8221;4.16&#8243; custom_padding=&#8221;||||false|false&#8221; global_colors_info=&#8221;{}&#8221; custom_padding__hover=&#8221;|||&#8221;][et_pb_blurb url=&#8221;@ET-DC@eyJkeW5hbWljIjp0cnVlLCJjb250ZW50IjoicG9zdF9saW5rX3VybF9wYWdlIiwic2V0dGluZ3MiOnsicG9zdF9pZCI6IjcwMzcifX0=@&#8221; admin_label=&#8221;TRANSPORTE RODOVI\u00c1RIO&#8221; _builder_version=&#8221;4.17.3&#8243; _dynamic_attributes=&#8221;url,link_option_url&#8221; _module_preset=&#8221;default&#8221; header_text_color=&#8221;#FFFFFF&#8221; header_font_size=&#8221;18px&#8221; body_font=&#8221;|||on|||||&#8221; body_text_align=&#8221;center&#8221; body_text_color=&#8221;#FFFFFF&#8221; body_font_size=&#8221;20px&#8221; background_enable_color=&#8221;off&#8221; use_background_color_gradient=&#8221;on&#8221; background_color_gradient_stops=&#8221;rgba(44,57,98,0.8) 0%|rgba(44,57,98,0.8) 100%&#8221; background_color_gradient_overlays_image=&#8221;on&#8221; background_color_gradient_start=&#8221;rgba(44,57,98,0.8)&#8221; background_color_gradient_end=&#8221;rgba(44,57,98,0.8)&#8221; background_image=&#8221;https:\/\/www.glovis.com.br\/wp-content\/uploads\/2021\/09\/transporte-rodoviario.jpg&#8221; image_icon_custom_padding=&#8221;||||false|false&#8221; text_orientation=&#8221;center&#8221; custom_padding=&#8221;79px||79px||true|false&#8221; link_option_url=&#8221;@ET-DC@eyJkeW5hbWljIjp0cnVlLCJjb250ZW50IjoicG9zdF9saW5rX3VybF9wYWdlIiwic2V0dGluZ3MiOnsicG9zdF9pZCI6IjcwMzcifX0=@&#8221; global_colors_info=&#8221;{}&#8221; background__hover_enabled=&#8221;on|hover&#8221; background_image__hover=&#8221;https:\/\/www.glovis.com.br\/wp-content\/uploads\/2021\/09\/transporte-rodoviario.jpg&#8221; background_enable_image__hover=&#8221;on&#8221; background_color__hover=&#8221;&#8221; background_enable_color__hover=&#8221;off&#8221; body_text_color__hover_enabled=&#8221;on|hover&#8221; header_text_color__hover_enabled=&#8221;on|desktop&#8221; header_text_color__hover=&#8221;RGBA(0,0,0,0)&#8221; child_mix_blend_mode__hover_enabled=&#8221;off|desktop&#8221; use_background_color_gradient__hover=&#8221;off&#8221; body_text_color__hover=&#8221;RGBA(0,0,0,0)&#8221;]<\/p>\n<p>TRANSPORTE<br \/>POR CARRETERA<\/p>\n<p>[\/et_pb_blurb][\/et_pb_column][et_pb_column type=&#8221;1_4&#8243; _builder_version=&#8221;4.16&#8243; custom_padding=&#8221;|||&#8221; global_colors_info=&#8221;{}&#8221; custom_padding__hover=&#8221;|||&#8221;][et_pb_blurb url=&#8221;@ET-DC@eyJkeW5hbWljIjp0cnVlLCJjb250ZW50IjoicG9zdF9saW5rX3VybF9wYWdlIiwic2V0dGluZ3MiOnsicG9zdF9pZCI6IjcxMDMifX0=@&#8221; admin_label=&#8221;TRANSPORTE MAR\u00cdTIMO&#8221; _builder_version=&#8221;4.19.0&#8243; _dynamic_attributes=&#8221;url,link_option_url&#8221; _module_preset=&#8221;default&#8221; header_text_color=&#8221;#FFFFFF&#8221; body_font=&#8221;|||on|||||&#8221; body_text_align=&#8221;center&#8221; body_text_color=&#8221;#FFFFFF&#8221; body_font_size=&#8221;20px&#8221; background_enable_color=&#8221;off&#8221; use_background_color_gradient=&#8221;on&#8221; background_color_gradient_stops=&#8221;rgba(44,57,98,0.8) 0%|rgba(44,57,98,0.8) 100%&#8221; background_color_gradient_overlays_image=&#8221;on&#8221; background_color_gradient_start=&#8221;rgba(44,57,98,0.8)&#8221; background_color_gradient_end=&#8221;rgba(44,57,98,0.8)&#8221; background_image=&#8221;https:\/\/www.glovis.com.br\/wp-content\/uploads\/2021\/09\/transporte-maritimo.jpg&#8221; text_orientation=&#8221;center&#8221; custom_padding=&#8221;79px||79px||true|false&#8221; link_option_url=&#8221;@ET-DC@eyJkeW5hbWljIjp0cnVlLCJjb250ZW50IjoicG9zdF9saW5rX3VybF9wYWdlIiwic2V0dGluZ3MiOnsicG9zdF9pZCI6IjcxMDMifX0=@&#8221; global_colors_info=&#8221;{}&#8221; background__hover_enabled=&#8221;on|hover&#8221; background_image__hover=&#8221;https:\/\/www.glovis.com.br\/wp-content\/uploads\/2021\/09\/transporte-maritimo.jpg&#8221; background_enable_image__hover=&#8221;on&#8221; background_color__hover=&#8221;&#8221; background_enable_color__hover=&#8221;off&#8221; body_text_color__hover_enabled=&#8221;on|hover&#8221; header_text_color__hover_enabled=&#8221;on|desktop&#8221; header_text_color__hover=&#8221;RGBA(0,0,0,0)&#8221; child_mix_blend_mode__hover_enabled=&#8221;off|desktop&#8221; use_background_color_gradient__hover=&#8221;off&#8221; body_text_color__hover=&#8221;RGBA(0,0,0,0)&#8221;]<\/p>\n<p class=\" translation-block\">TRANSPORTE<br>MAR\u00cdTIMO<\/p>\n<p>[\/et_pb_blurb][\/et_pb_column][et_pb_column type=&#8221;1_4&#8243; _builder_version=&#8221;4.16&#8243; custom_padding=&#8221;|||&#8221; global_colors_info=&#8221;{}&#8221; custom_padding__hover=&#8221;|||&#8221;][et_pb_blurb url=&#8221;@ET-DC@eyJkeW5hbWljIjp0cnVlLCJjb250ZW50IjoicG9zdF9saW5rX3VybF9wYWdlIiwic2V0dGluZ3MiOnsicG9zdF9pZCI6IjcxMDUifX0=@&#8221; admin_label=&#8221;TRANSPORTE A\u00c9REO&#8221; _builder_version=&#8221;4.17.3&#8243; _dynamic_attributes=&#8221;url,link_option_url&#8221; _module_preset=&#8221;default&#8221; header_text_color=&#8221;#FFFFFF&#8221; body_font=&#8221;|||on|||||&#8221; body_text_align=&#8221;center&#8221; body_text_color=&#8221;#FFFFFF&#8221; body_font_size=&#8221;20px&#8221; background_enable_color=&#8221;off&#8221; use_background_color_gradient=&#8221;on&#8221; background_color_gradient_stops=&#8221;rgba(44,57,98,0.8) 0%|rgba(44,57,98,0.8) 100%&#8221; background_color_gradient_overlays_image=&#8221;on&#8221; background_color_gradient_start=&#8221;rgba(44,57,98,0.8)&#8221; background_color_gradient_end=&#8221;rgba(44,57,98,0.8)&#8221; background_image=&#8221;https:\/\/www.glovis.com.br\/wp-content\/uploads\/2022\/06\/trnasporte-aereo.jpg&#8221; text_orientation=&#8221;center&#8221; custom_padding=&#8221;79px||79px||true|false&#8221; link_option_url=&#8221;@ET-DC@eyJkeW5hbWljIjp0cnVlLCJjb250ZW50IjoicG9zdF9saW5rX3VybF9wYWdlIiwic2V0dGluZ3MiOnsicG9zdF9pZCI6IjcxMDUifX0=@&#8221; hover_enabled=&#8221;0&#8243; global_colors_info=&#8221;{}&#8221; background__hover_enabled=&#8221;on|hover&#8221; background_image__hover=&#8221;https:\/\/www.glovis.com.br\/wp-content\/uploads\/2022\/06\/trnasporte-aereo.jpg&#8221; background_enable_image__hover=&#8221;on&#8221; background_color__hover=&#8221;&#8221; background_enable_color__hover=&#8221;off&#8221; body_text_color__hover_enabled=&#8221;on|hover&#8221; header_text_color__hover_enabled=&#8221;on|desktop&#8221; header_text_color__hover=&#8221;RGBA(0,0,0,0)&#8221; child_mix_blend_mode__hover_enabled=&#8221;off|desktop&#8221; use_background_color_gradient__hover=&#8221;off&#8221; body_text_color__hover=&#8221;RGBA(0,0,0,0)&#8221; sticky_enabled=&#8221;0&#8243;]<\/p>\n<p class=\" translation-block\">TRANSPORTE<br>A\u00c9REO<\/p>\n<p>[\/et_pb_blurb][\/et_pb_column][et_pb_column type=&#8221;1_4&#8243; _builder_version=&#8221;4.16&#8243; custom_padding=&#8221;|||&#8221; global_colors_info=&#8221;{}&#8221; custom_padding__hover=&#8221;|||&#8221;][et_pb_blurb url=&#8221;@ET-DC@eyJkeW5hbWljIjp0cnVlLCJjb250ZW50IjoicG9zdF9saW5rX3VybF9wYWdlIiwic2V0dGluZ3MiOnsicG9zdF9pZCI6IjcyNDMifX0=@&#8221; admin_label=&#8221;TRANSPORTE A\u00c9REO&#8221; _builder_version=&#8221;4.27.0&#8243; _dynamic_attributes=&#8221;url,link_option_url&#8221; _module_preset=&#8221;default&#8221; header_text_color=&#8221;#FFFFFF&#8221; body_font=&#8221;|||on|||||&#8221; body_text_align=&#8221;center&#8221; body_text_color=&#8221;#FFFFFF&#8221; body_font_size=&#8221;20px&#8221; background_enable_color=&#8221;off&#8221; use_background_color_gradient=&#8221;on&#8221; background_color_gradient_stops=&#8221;rgba(44,57,98,0.8) 0%|rgba(44,57,98,0.8) 100%&#8221; background_color_gradient_overlays_image=&#8221;on&#8221; background_color_gradient_start=&#8221;rgba(44,57,98,0.8)&#8221; background_color_gradient_end=&#8221;rgba(44,57,98,0.8)&#8221; background_image=&#8221;https:\/\/www.glovis.com.br\/wp-content\/uploads\/2022\/06\/FCI_standart.jpg&#8221; text_orientation=&#8221;center&#8221; custom_padding=&#8221;79px||79px||true|false&#8221; link_option_url=&#8221;@ET-DC@eyJkeW5hbWljIjp0cnVlLCJjb250ZW50IjoicG9zdF9saW5rX3VybF9wYWdlIiwic2V0dGluZ3MiOnsicG9zdF9pZCI6IjcyNDMifX0=@&#8221; hover_enabled=&#8221;0&#8243; global_colors_info=&#8221;{}&#8221; background__hover_enabled=&#8221;on|hover&#8221; background_image__hover=&#8221;https:\/\/www.glovis.com.br\/wp-content\/uploads\/2022\/06\/FCI_standart.jpg&#8221; background_enable_image__hover=&#8221;on&#8221; background_color__hover=&#8221;&#8221; background_enable_color__hover=&#8221;off&#8221; body_text_color__hover_enabled=&#8221;on|hover&#8221; header_text_color__hover_enabled=&#8221;on|desktop&#8221; header_text_color__hover=&#8221;RGBA(0,0,0,0)&#8221; child_mix_blend_mode__hover_enabled=&#8221;off|desktop&#8221; use_background_color_gradient__hover=&#8221;off&#8221; body_text_color__hover=&#8221;RGBA(0,0,0,0)&#8221; sticky_enabled=&#8221;0&#8243;]<\/p>\n<p class=\" translation-block\">COMERCIO EXTERIOR<BR>Y SERVICIOS PORTUARIOS<\/p>\n<p>[\/et_pb_blurb][\/et_pb_column][\/et_pb_row][et_pb_row column_structure=&#8221;1_3,1_3,1_3&#8243; use_custom_gutter=&#8221;on&#8221; gutter_width=&#8221;2&#8243; custom_padding_last_edited=&#8221;on|phone&#8221; disabled_on=&#8221;off|off|off&#8221; admin_label=&#8221;Package&#8221; _builder_version=&#8221;4.23.4&#8243; background_size=&#8221;initial&#8221; background_position=&#8221;top_left&#8221; background_repeat=&#8221;repeat&#8221; module_alignment=&#8221;center&#8221; custom_margin_tablet=&#8221;&#8221; custom_margin_phone=&#8221;||||false|false&#8221; custom_margin_last_edited=&#8221;on|phone&#8221; custom_padding_tablet=&#8221;&#8221; custom_padding_phone=&#8221;0px||30px||false|false&#8221; global_colors_info=&#8221;{}&#8221;][et_pb_column type=&#8221;1_3&#8243; _builder_version=&#8221;4.16&#8243; custom_padding=&#8221;|||&#8221; global_colors_info=&#8221;{}&#8221; custom_padding__hover=&#8221;|||&#8221;][et_pb_blurb url=&#8221;@ET-DC@eyJkeW5hbWljIjp0cnVlLCJjb250ZW50IjoicG9zdF9saW5rX3VybF9wYWdlIiwic2V0dGluZ3MiOnsicG9zdF9pZCI6IjcxMDcifX0=@&#8221; admin_label=&#8221;GERENCIAMENTO DE CONTAINERS&#8221; _builder_version=&#8221;4.16&#8243; _dynamic_attributes=&#8221;link_option_url,url&#8221; _module_preset=&#8221;default&#8221; header_text_color=&#8221;#FFFFFF&#8221; body_font=&#8221;|||on|||||&#8221; body_text_align=&#8221;center&#8221; body_text_color=&#8221;#FFFFFF&#8221; body_font_size=&#8221;20px&#8221; background_enable_color=&#8221;off&#8221; use_background_color_gradient=&#8221;on&#8221; background_color_gradient_stops=&#8221;rgba(44,57,98,0.8) 0%|rgba(44,57,98,0.8) 100%&#8221; background_color_gradient_overlays_image=&#8221;on&#8221; background_color_gradient_start=&#8221;rgba(44,57,98,0.8)&#8221; background_color_gradient_end=&#8221;rgba(44,57,98,0.8)&#8221; background_image=&#8221;https:\/\/www.glovis.com.br\/wp-content\/uploads\/2021\/09\/gerenciamento-de-container.jpg&#8221; text_orientation=&#8221;center&#8221; custom_padding=&#8221;79px||79px||true|false&#8221; link_option_url=&#8221;@ET-DC@eyJkeW5hbWljIjp0cnVlLCJjb250ZW50IjoicG9zdF9saW5rX3VybF9wYWdlIiwic2V0dGluZ3MiOnsicG9zdF9pZCI6IjcxMDcifX0=@&#8221; global_colors_info=&#8221;{}&#8221; background__hover_enabled=&#8221;on|hover&#8221; background_image__hover=&#8221;https:\/\/www.glovis.com.br\/wp-content\/uploads\/2021\/09\/gerenciamento-de-container.jpg&#8221; background_enable_image__hover=&#8221;on&#8221; background_color__hover=&#8221;&#8221; background_enable_color__hover=&#8221;off&#8221; body_text_color__hover_enabled=&#8221;on|hover&#8221; header_text_color__hover_enabled=&#8221;on|desktop&#8221; header_text_color__hover=&#8221;RGBA(0,0,0,0)&#8221; child_mix_blend_mode__hover_enabled=&#8221;off|desktop&#8221; use_background_color_gradient__hover=&#8221;off&#8221; body_text_color__hover=&#8221;RGBA(0,0,0,0)&#8221;]<\/p>\n<p class=\" translation-block\">GESTI\u00d3N DE PATIO<BR>DE CONTENEDORES<\/p>\n<p>[\/et_pb_blurb][\/et_pb_column][et_pb_column type=&#8221;1_3&#8243; _builder_version=&#8221;4.16&#8243; custom_padding=&#8221;|||&#8221; global_colors_info=&#8221;{}&#8221; custom_padding__hover=&#8221;|||&#8221;][et_pb_blurb url=&#8221;@ET-DC@eyJkeW5hbWljIjp0cnVlLCJjb250ZW50IjoicG9zdF9saW5rX3VybF9wYWdlIiwic2V0dGluZ3MiOnsicG9zdF9pZCI6IjcxMDkifX0=@&#8221; admin_label=&#8221;GERENCIAMENTO DE P\u00c1TIO DE VE\u00cdCULOS&#8221; _builder_version=&#8221;4.16&#8243; _dynamic_attributes=&#8221;link_option_url,url&#8221; _module_preset=&#8221;default&#8221; header_text_color=&#8221;#FFFFFF&#8221; body_font=&#8221;|||on|||||&#8221; body_text_align=&#8221;center&#8221; body_text_color=&#8221;#FFFFFF&#8221; body_font_size=&#8221;20px&#8221; background_enable_color=&#8221;off&#8221; use_background_color_gradient=&#8221;on&#8221; background_color_gradient_stops=&#8221;rgba(44,57,98,0.8) 0%|rgba(44,57,98,0.8) 100%&#8221; background_color_gradient_overlays_image=&#8221;on&#8221; background_color_gradient_start=&#8221;rgba(44,57,98,0.8)&#8221; background_color_gradient_end=&#8221;rgba(44,57,98,0.8)&#8221; background_image=&#8221;https:\/\/www.glovis.com.br\/wp-content\/uploads\/2021\/09\/gerenciamento-de-patio.jpg&#8221; text_orientation=&#8221;center&#8221; custom_padding=&#8221;79px||79px||true|false&#8221; link_option_url=&#8221;@ET-DC@eyJkeW5hbWljIjp0cnVlLCJjb250ZW50IjoicG9zdF9saW5rX3VybF9wYWdlIiwic2V0dGluZ3MiOnsicG9zdF9pZCI6IjcxMDkifX0=@&#8221; global_colors_info=&#8221;{}&#8221; background__hover_enabled=&#8221;on|hover&#8221; background_image__hover=&#8221;https:\/\/www.glovis.com.br\/wp-content\/uploads\/2021\/09\/gerenciamento-de-patio.jpg&#8221; background_enable_image__hover=&#8221;on&#8221; background_color__hover=&#8221;&#8221; background_enable_color__hover=&#8221;off&#8221; body_text_color__hover_enabled=&#8221;on|hover&#8221; header_text_color__hover_enabled=&#8221;on|desktop&#8221; header_text_color__hover=&#8221;RGBA(0,0,0,0)&#8221; child_mix_blend_mode__hover_enabled=&#8221;off|desktop&#8221; use_background_color_gradient__hover=&#8221;off&#8221; body_text_color__hover=&#8221;RGBA(0,0,0,0)&#8221;]<\/p>\n<p class=\" translation-block\">GESTI\u00d3N DE PATIO<BR>DE VEH\u00cdCULOS<\/p>\n<p>[\/et_pb_blurb][\/et_pb_column][et_pb_column type=&#8221;1_3&#8243; _builder_version=&#8221;4.16&#8243; custom_padding=&#8221;|||&#8221; global_colors_info=&#8221;{}&#8221; custom_padding__hover=&#8221;|||&#8221;][et_pb_blurb url=&#8221;@ET-DC@eyJkeW5hbWljIjp0cnVlLCJjb250ZW50IjoicG9zdF9saW5rX3VybF9wYWdlIiwic2V0dGluZ3MiOnsicG9zdF9pZCI6IjcxMTEifX0=@&#8221; admin_label=&#8221;ARMAZENAMENTO&#8221; _builder_version=&#8221;4.17.3&#8243; _dynamic_attributes=&#8221;url,link_option_url&#8221; _module_preset=&#8221;default&#8221; header_text_color=&#8221;#FFFFFF&#8221; body_font=&#8221;|||on|||||&#8221; body_text_align=&#8221;center&#8221; body_text_color=&#8221;#FFFFFF&#8221; body_font_size=&#8221;20px&#8221; background_enable_color=&#8221;off&#8221; use_background_color_gradient=&#8221;on&#8221; background_color_gradient_stops=&#8221;rgba(44,57,98,0.8) 0%|rgba(44,57,98,0.8) 100%&#8221; background_color_gradient_overlays_image=&#8221;on&#8221; background_color_gradient_start=&#8221;rgba(44,57,98,0.8)&#8221; background_color_gradient_end=&#8221;rgba(44,57,98,0.8)&#8221; background_image=&#8221;https:\/\/www.glovis.com.br\/wp-content\/uploads\/2021\/09\/amazenamento.jpg&#8221; text_orientation=&#8221;center&#8221; custom_padding=&#8221;80px||80px||true|false&#8221; link_option_url=&#8221;@ET-DC@eyJkeW5hbWljIjp0cnVlLCJjb250ZW50IjoicG9zdF9saW5rX3VybF9wYWdlIiwic2V0dGluZ3MiOnsicG9zdF9pZCI6IjcxMTEifX0=@&#8221; global_colors_info=&#8221;{}&#8221; background__hover_enabled=&#8221;on|hover&#8221; background_image__hover=&#8221;https:\/\/www.glovis.com.br\/wp-content\/uploads\/2021\/09\/amazenamento.jpg&#8221; background_enable_image__hover=&#8221;on&#8221; background_color__hover=&#8221;&#8221; background_enable_color__hover=&#8221;off&#8221; body_text_color__hover_enabled=&#8221;on|desktop&#8221; header_text_color__hover_enabled=&#8221;on|desktop&#8221; header_text_color__hover=&#8221;RGBA(0,0,0,0)&#8221; child_mix_blend_mode__hover_enabled=&#8221;off|desktop&#8221; use_background_color_gradient__hover=&#8221;off&#8221; body_text_color__hover=&#8221;RGBA(0,0,0,0)&#8221;]<\/p>\n<p class=\" translation-block\">ALMACENAMIENTO Y<BR>OPERACIONES IN-HOUSE<\/p>\n<p>[\/et_pb_blurb][\/et_pb_column][\/et_pb_row][\/et_pb_section]<\/p>","protected":false},"excerpt":{"rendered":"<p>\u00c1REAS DE ATUA\u00c7\u00c3OPARA ONDE VOC\u00ca PRECISAR.A GLOVIS \u00e9 respons\u00e1vel por servi\u00e7os especializados de transporte nacional e internacional, armazenagem, gerenciamento, rastreamento, entre outros. Eles s\u00e3o respaldados por nossa experi\u00eancia e estrutura globais, pelo know-how de uma equipe qualificada e por uma frota pr\u00f3pria de caminh\u00f5es, navios Ro-Ro e graneleiros.TRANSPORTERODOVI\u00c1RIOTRANSPORTEMAR\u00cdTIMOTRANSPORTEA\u00c9REOCOM\u00c9RCIO EXTERIORE SERVI\u00c7OS PORTU\u00c1RIOSGERENCIAMENTO DEP\u00c1TIO DE CONTAINERSGERENCIAMENTO DEP\u00c1TIO [&hellip;]<\/p>","protected":false},"author":1,"featured_media":0,"parent":0,"menu_order":0,"comment_status":"closed","ping_status":"closed","template":"","meta":{"_et_pb_use_builder":"on","_et_pb_old_content":"","_et_gb_content_width":"","footnotes":""},"class_list":["post-49","page","type-page","status-publish","hentry"],"_links":{"self":[{"href":"https:\/\/www.glovis.com.br\/es\/wp-json\/wp\/v2\/pages\/49","targetHints":{"allow":["GET"]}}],"collection":[{"href":"https:\/\/www.glovis.com.br\/es\/wp-json\/wp\/v2\/pages"}],"about":[{"href":"https:\/\/www.glovis.com.br\/es\/wp-json\/wp\/v2\/types\/page"}],"author":[{"embeddable":true,"href":"https:\/\/www.glovis.com.br\/es\/wp-json\/wp\/v2\/users\/1"}],"replies":[{"embeddable":true,"href":"https:\/\/www.glovis.com.br\/es\/wp-json\/wp\/v2\/comments?post=49"}],"version-history":[{"count":64,"href":"https:\/\/www.glovis.com.br\/es\/wp-json\/wp\/v2\/pages\/49\/revisions"}],"predecessor-version":[{"id":8066,"href":"https:\/\/www.glovis.com.br\/es\/wp-json\/wp\/v2\/pages\/49\/revisions\/8066"}],"wp:attachment":[{"href":"https:\/\/www.glovis.com.br\/es\/wp-json\/wp\/v2\/media?parent=49"}],"curies":[{"name":"wp","href":"https:\/\/api.w.org\/{rel}","templated":true}]}}