{"id":7243,"date":"2021-10-07T12:09:51","date_gmt":"2021-10-07T15:09:51","guid":{"rendered":"http:\/\/sh-pro112.teste.website\/~glovis05\/?page_id=7243"},"modified":"2022-09-15T15:11:41","modified_gmt":"2022-09-15T18:11:41","slug":"comercio-exterior-e-servicos-portuarios","status":"publish","type":"page","link":"https:\/\/www.glovis.com.br\/en\/comercio-exterior-e-servicos-portuarios\/","title":{"rendered":"FOREIGN TRADE AND PORT SERVICES"},"content":{"rendered":"<p>[et_pb_section fb_built=&#8221;1&#8243; disabled_on=&#8221;off|off|off&#8221; admin_label=&#8221;Hero&#8221; _builder_version=&#8221;4.17.3&#8243; background_enable_color=&#8221;off&#8221; background_image=&#8221;https:\/\/www.glovis.com.br\/wp-content\/uploads\/2021\/12\/header_comercio_exterior_e_servicos_portuarios.jpg&#8221; max_height_tablet=&#8221;&#8221; max_height_phone=&#8221;300px&#8221; max_height_last_edited=&#8221;on|phone&#8221; custom_margin=&#8221;62px||||false|false&#8221; custom_padding=&#8221;0px|0px|0px|0px|false|false&#8221; global_colors_info=&#8221;{}&#8221;][et_pb_row _builder_version=&#8221;4.16&#8243; _module_preset=&#8221;default&#8221; global_colors_info=&#8221;{}&#8221;][et_pb_column type=&#8221;4_4&#8243; _builder_version=&#8221;4.16&#8243; _module_preset=&#8221;default&#8221; global_colors_info=&#8221;{}&#8221;][et_pb_text _builder_version=&#8221;4.17.3&#8243; _module_preset=&#8221;default&#8221; text_font=&#8221;|700|||||||&#8221; text_text_color=&#8221;#FFFFFF&#8221; text_font_size=&#8221;40px&#8221; header_text_color=&#8221;#FFFFFF&#8221; custom_padding=&#8221;100px||120px||false|false&#8221; text_font_size_tablet=&#8221;40px&#8221; text_font_size_phone=&#8221;30px&#8221; text_font_size_last_edited=&#8221;on|phone&#8221; global_colors_info=&#8221;{}&#8221;]<\/p>\n<p>FOREIGN TRADE AND PORT SERVICES<\/p>\n<p>[\/et_pb_text][\/et_pb_column][\/et_pb_row][\/et_pb_section][et_pb_section fb_built=&#8221;1&#8243; custom_padding_last_edited=&#8221;on|tablet&#8221; admin_label=&#8221;Packages&#8221; _builder_version=&#8221;4.17.3&#8243; custom_padding=&#8221;50px||110px||false|false&#8221; custom_padding_tablet=&#8221;0px||0px|&#8221; custom_padding_phone=&#8221;||30px||false|false&#8221; hover_enabled=&#8221;0&#8243; global_colors_info=&#8221;{}&#8221; sticky_enabled=&#8221;0&#8243;][et_pb_row custom_padding_last_edited=&#8221;on|phone&#8221; admin_label=&#8221;Packages Title&#8221; _builder_version=&#8221;4.17.3&#8243; width_tablet=&#8221;&#8221; width_phone=&#8221;90%&#8221; width_last_edited=&#8221;on|phone&#8221; custom_padding=&#8221;30px|0px|50px|0px|false|false&#8221; custom_padding_tablet=&#8221;60px||0px|&#8221; custom_padding_phone=&#8221;&#8221; locked=&#8221;off&#8221; global_colors_info=&#8221;{}&#8221;][et_pb_column type=&#8221;4_4&#8243; _builder_version=&#8221;4.16&#8243; custom_padding=&#8221;|||&#8221; global_colors_info=&#8221;{}&#8221; custom_padding__hover=&#8221;|||&#8221;][et_pb_text admin_label=&#8221;Description&#8221; _builder_version=&#8221;4.17.3&#8243; text_font=&#8221;||||||||&#8221; text_font_size=&#8221;17px&#8221; text_line_height=&#8221;1.8em&#8221; background_size=&#8221;initial&#8221; background_position=&#8221;top_left&#8221; background_repeat=&#8221;repeat&#8221; custom_margin=&#8221;|100px||100px|false|false&#8221; custom_margin_tablet=&#8221;|100px||100px|false|false&#8221; custom_margin_phone=&#8221;|10px||10px|false|false&#8221; custom_margin_last_edited=&#8221;on|phone&#8221; animation_direction=&#8221;left&#8221; text_font_size_tablet=&#8221;17px&#8221; text_font_size_phone=&#8221;15px&#8221; text_font_size_last_edited=&#8221;on|phone&#8221; global_colors_info=&#8221;{}&#8221;]<\/p>\n<p>GLOVIS offers to its customers several services related to Foreign Trade and Port Services, working, for example, on customs clearance, on the customs terminal and on cargo management, with unlimited DTA (Customs Transit Declaration).<\/p>\n<p>[\/et_pb_text][\/et_pb_column][\/et_pb_row][et_pb_row admin_label=&#8221;Package&#8221; _builder_version=&#8221;4.17.3&#8243; background_size=&#8221;initial&#8221; background_position=&#8221;top_left&#8221; background_repeat=&#8221;repeat&#8221; width_tablet=&#8221;&#8221; width_phone=&#8221;90%&#8221; width_last_edited=&#8221;on|phone&#8221; global_colors_info=&#8221;{}&#8221;][et_pb_column type=&#8221;4_4&#8243; _builder_version=&#8221;4.16&#8243; custom_padding=&#8221;|||&#8221; global_colors_info=&#8221;{}&#8221; custom_padding__hover=&#8221;|||&#8221;][et_pb_tabs active_tab_background_color=&#8221;#2c3962&#8243; active_tab_text_color=&#8221;#FFFFFF&#8221; module_class=&#8221;vertical-tabs2&#8243; _builder_version=&#8221;4.17.3&#8243; _module_preset=&#8221;default&#8221; tab_text_color=&#8221;#000000&#8243; tab_font_size=&#8221;17px&#8221; tab_line_height=&#8221;3em&#8221; background_color=&#8221;#FFFFFF&#8221; hover_enabled=&#8221;0&#8243; global_colors_info=&#8221;{}&#8221; disabled_on=&#8221;on|off|off&#8221; sticky_enabled=&#8221;0&#8243;][et_pb_tab title=&#8221;Desembara\u00e7o aduaneiro&#8221; _builder_version=&#8221;4.17.3&#8243; _module_preset=&#8221;default&#8221; body_font_size=&#8221;16px&#8221; global_colors_info=&#8221;{}&#8221;]<\/p>\n<p><img loading=\"lazy\" decoding=\"async\" src=\"https:\/\/www.glovis.com.br\/wp-content\/uploads\/2022\/06\/desembaco_aduaneiro.jpg\" width=\"295\" height=\"230\" alt=\"\" class=\"wp-image-7722 alignnone size-full\" srcset=\"https:\/\/www.glovis.com.br\/wp-content\/uploads\/2022\/06\/desembaco_aduaneiro.jpg 295w, https:\/\/www.glovis.com.br\/wp-content\/uploads\/2022\/06\/desembaco_aduaneiro-15x12.jpg 15w\" sizes=\"auto, (max-width: 295px) 100vw, 295px\" \/><\/p>\n<ul>\n<li>Clearance services on import (DI\/DU-IMP) and export (RE\/DUE);<\/li>\n<li>We operate at the main ports and airports in Brazil.<\/li>\n<\/ul>\n<p>[\/et_pb_tab][et_pb_tab title=&#8221;DTA &#8211; Declara\u00e7\u00e3o de Tr\u00e2nsito Aduaneiro&#8221; _builder_version=&#8221;4.17.3&#8243; _module_preset=&#8221;default&#8221; body_font_size=&#8221;16px&#8221; global_colors_info=&#8221;{}&#8221;]<\/p>\n<p><img loading=\"lazy\" decoding=\"async\" src=\"https:\/\/www.glovis.com.br\/wp-content\/uploads\/2022\/06\/DTA_declaracao_de_transito_aduaneiro.jpg\" width=\"295\" height=\"230\" alt=\"\" class=\"wp-image-7723 alignnone size-full\" srcset=\"https:\/\/www.glovis.com.br\/wp-content\/uploads\/2022\/06\/DTA_declaracao_de_transito_aduaneiro.jpg 295w, https:\/\/www.glovis.com.br\/wp-content\/uploads\/2022\/06\/DTA_declaracao_de_transito_aduaneiro-15x12.jpg 15w\" sizes=\"auto, (max-width: 295px) 100vw, 295px\" \/><\/p>\n<ul>\n<li>We have unlimited DTA;<\/li>\n<li>We work with the main customs warehouses in Brazil.<\/li>\n<\/ul>\n<p>[\/et_pb_tab][et_pb_tab title=&#8221;Armazenagem\/Terminal Alfandegado&#8221; _builder_version=&#8221;4.17.3&#8243; _module_preset=&#8221;default&#8221; body_font_size=&#8221;16px&#8221; global_colors_info=&#8221;{}&#8221;]<\/p>\n<p><img loading=\"lazy\" decoding=\"async\" src=\"https:\/\/www.glovis.com.br\/wp-content\/uploads\/2022\/06\/armazenagem_terminal_alfandegario.jpg\" width=\"295\" height=\"230\" alt=\"\" class=\"wp-image-7724 alignnone size-full\" srcset=\"https:\/\/www.glovis.com.br\/wp-content\/uploads\/2022\/06\/armazenagem_terminal_alfandegario.jpg 295w, https:\/\/www.glovis.com.br\/wp-content\/uploads\/2022\/06\/armazenagem_terminal_alfandegario-15x12.jpg 15w\" sizes=\"auto, (max-width: 295px) 100vw, 295px\" \/><\/p>\n<ul>\n<li>Customs terminal services at the main container terminals in Santos;<\/li>\n<li>Customs warehousing services (EADI) for import and export;<\/li>\n<li>REDEX service for export.<\/li>\n<\/ul>\n<p>[\/et_pb_tab][et_pb_tab title=&#8221;Agenciamento de carga\/servi\u00e7o de representa\u00e7\u00e3o&#8221; _builder_version=&#8221;4.17.3&#8243; _module_preset=&#8221;default&#8221; body_font_size=&#8221;16px&#8221; hover_enabled=&#8221;0&#8243; global_colors_info=&#8221;{}&#8221; sticky_enabled=&#8221;0&#8243;]<\/p>\n<p><img loading=\"lazy\" decoding=\"async\" src=\"https:\/\/www.glovis.com.br\/wp-content\/uploads\/2022\/06\/agenciamento_de_carga.jpg\" width=\"295\" height=\"230\" alt=\"\" class=\"wp-image-7725 alignnone size-full\" srcset=\"https:\/\/www.glovis.com.br\/wp-content\/uploads\/2022\/06\/agenciamento_de_carga.jpg 295w, https:\/\/www.glovis.com.br\/wp-content\/uploads\/2022\/06\/agenciamento_de_carga-15x12.jpg 15w\" sizes=\"auto, (max-width: 295px) 100vw, 295px\" \/><\/p>\n<ul>\n<li>Representation of cargo agents;<\/li>\n<li>NVOCC import and export agency services.<\/li>\n<\/ul>\n<p>[\/et_pb_tab][\/et_pb_tabs][et_pb_accordion disabled_on=&#8221;off|on|on&#8221; _builder_version=&#8221;4.17.3&#8243; _module_preset=&#8221;default&#8221; hover_enabled=&#8221;0&#8243; global_colors_info=&#8221;{}&#8221; theme_builder_area=&#8221;post_content&#8221; sticky_enabled=&#8221;0&#8243;][et_pb_accordion_item title=&#8221;Desembara\u00e7o aduaneiro&#8221; open=&#8221;on&#8221; _builder_version=&#8221;4.17.3&#8243; _module_preset=&#8221;default&#8221; hover_enabled=&#8221;0&#8243; global_colors_info=&#8221;{}&#8221; theme_builder_area=&#8221;post_content&#8221; sticky_enabled=&#8221;0&#8243;]<img loading=\"lazy\" decoding=\"async\" src=\"https:\/\/www.glovis.com.br\/wp-content\/uploads\/2022\/06\/desembaco_aduaneiro.jpg\" width=\"295\" height=\"230\" alt=\"\" class=\"wp-image-7722 alignnone size-full\" srcset=\"https:\/\/www.glovis.com.br\/wp-content\/uploads\/2022\/06\/desembaco_aduaneiro.jpg 295w, https:\/\/www.glovis.com.br\/wp-content\/uploads\/2022\/06\/desembaco_aduaneiro-15x12.jpg 15w\" sizes=\"auto, (max-width: 295px) 100vw, 295px\" \/><\/p>\n<ul>\n<li>Clearance services on import (DI\/DU-IMP) and export (RE\/DUE);<\/li>\n<li>We operate at the main ports and airports in Brazil.<\/li>\n<\/ul>\n<p>[\/et_pb_accordion_item][et_pb_accordion_item title=&#8221;DTA &#8211; Declara\u00e7\u00e3o de Tr\u00e2nsito Aduaneiro&#8221; _builder_version=&#8221;4.17.3&#8243; _module_preset=&#8221;default&#8221; hover_enabled=&#8221;0&#8243; global_colors_info=&#8221;{}&#8221; theme_builder_area=&#8221;post_content&#8221; open=&#8221;off&#8221; sticky_enabled=&#8221;0&#8243;]<img loading=\"lazy\" decoding=\"async\" src=\"https:\/\/www.glovis.com.br\/wp-content\/uploads\/2022\/06\/DTA_declaracao_de_transito_aduaneiro.jpg\" width=\"295\" height=\"230\" alt=\"\" class=\"wp-image-7723 alignnone size-full\" srcset=\"https:\/\/www.glovis.com.br\/wp-content\/uploads\/2022\/06\/DTA_declaracao_de_transito_aduaneiro.jpg 295w, https:\/\/www.glovis.com.br\/wp-content\/uploads\/2022\/06\/DTA_declaracao_de_transito_aduaneiro-15x12.jpg 15w\" sizes=\"auto, (max-width: 295px) 100vw, 295px\" \/><\/p>\n<ul>\n<li>We have unlimited DTA;<\/li>\n<li>We work with the main customs warehouses in Brazil.<\/li>\n<\/ul>\n<p>[\/et_pb_accordion_item][et_pb_accordion_item title=&#8221;Armazenagem\/Terminal Alfandegado&#8221; _builder_version=&#8221;4.17.3&#8243; _module_preset=&#8221;default&#8221; hover_enabled=&#8221;0&#8243; global_colors_info=&#8221;{}&#8221; theme_builder_area=&#8221;post_content&#8221; open=&#8221;off&#8221; sticky_enabled=&#8221;0&#8243;]<img loading=\"lazy\" decoding=\"async\" src=\"https:\/\/www.glovis.com.br\/wp-content\/uploads\/2022\/06\/armazenagem_terminal_alfandegario.jpg\" width=\"295\" height=\"230\" alt=\"\" class=\"wp-image-7724 alignnone size-full\" srcset=\"https:\/\/www.glovis.com.br\/wp-content\/uploads\/2022\/06\/armazenagem_terminal_alfandegario.jpg 295w, https:\/\/www.glovis.com.br\/wp-content\/uploads\/2022\/06\/armazenagem_terminal_alfandegario-15x12.jpg 15w\" sizes=\"auto, (max-width: 295px) 100vw, 295px\" \/><\/p>\n<ul>\n<li>Customs terminal services at the main container terminals in Santos;<\/li>\n<li>Customs warehousing services (EADI) for import and export;<\/li>\n<li>REDEX service for export.<\/li>\n<\/ul>\n<p>[\/et_pb_accordion_item][et_pb_accordion_item title=&#8221;Agenciamento de carga\/servi\u00e7o de representa\u00e7\u00e3&#8221; _builder_version=&#8221;4.17.3&#8243; _module_preset=&#8221;default&#8221; hover_enabled=&#8221;0&#8243; global_colors_info=&#8221;{}&#8221; theme_builder_area=&#8221;post_content&#8221; open=&#8221;off&#8221; sticky_enabled=&#8221;0&#8243;]<img loading=\"lazy\" decoding=\"async\" src=\"https:\/\/www.glovis.com.br\/wp-content\/uploads\/2022\/06\/agenciamento_de_carga.jpg\" width=\"295\" height=\"230\" alt=\"\" class=\"wp-image-7725 alignnone size-full\" srcset=\"https:\/\/www.glovis.com.br\/wp-content\/uploads\/2022\/06\/agenciamento_de_carga.jpg 295w, https:\/\/www.glovis.com.br\/wp-content\/uploads\/2022\/06\/agenciamento_de_carga-15x12.jpg 15w\" sizes=\"auto, (max-width: 295px) 100vw, 295px\" \/><\/p>\n<ul>\n<li>Representation of cargo agents;<\/li>\n<li>NVOCC import and export agency services.<\/li>\n<\/ul>\n<p>[\/et_pb_accordion_item][\/et_pb_accordion][\/et_pb_column][\/et_pb_row][\/et_pb_section]<\/p>","protected":false},"excerpt":{"rendered":"<p>COM\u00c9RCIO EXTERIOR E SERVI\u00c7OS PORTU\u00c1RIOSA GLOVIS oferece aos seus clientes diversos servi\u00e7os relacionados a Com\u00e9rcio Exterior e Servi\u00e7os Portu\u00e1rios, atuando, por exemplo, no desembara\u00e7o aduaneiro, no terminal alfandegado e no agenciamento de carga, contando com DTA (Declara\u00e7\u00e3o de Tr\u00e2nsito Aduaneiro) ilimitada. Servi\u00e7o de desembara\u00e7o na importa\u00e7\u00e3o (DI\/DU-IMP) e na exporta\u00e7\u00e3o (RE\/DUE); Atendemos nos principais portos [&hellip;]<\/p>","protected":false},"author":1,"featured_media":0,"parent":0,"menu_order":0,"comment_status":"closed","ping_status":"closed","template":"","meta":{"_et_pb_use_builder":"on","_et_pb_old_content":"","_et_gb_content_width":"","footnotes":""},"class_list":["post-7243","page","type-page","status-publish","hentry"],"_links":{"self":[{"href":"https:\/\/www.glovis.com.br\/en\/wp-json\/wp\/v2\/pages\/7243","targetHints":{"allow":["GET"]}}],"collection":[{"href":"https:\/\/www.glovis.com.br\/en\/wp-json\/wp\/v2\/pages"}],"about":[{"href":"https:\/\/www.glovis.com.br\/en\/wp-json\/wp\/v2\/types\/page"}],"author":[{"embeddable":true,"href":"https:\/\/www.glovis.com.br\/en\/wp-json\/wp\/v2\/users\/1"}],"replies":[{"embeddable":true,"href":"https:\/\/www.glovis.com.br\/en\/wp-json\/wp\/v2\/comments?post=7243"}],"version-history":[{"count":17,"href":"https:\/\/www.glovis.com.br\/en\/wp-json\/wp\/v2\/pages\/7243\/revisions"}],"predecessor-version":[{"id":7914,"href":"https:\/\/www.glovis.com.br\/en\/wp-json\/wp\/v2\/pages\/7243\/revisions\/7914"}],"wp:attachment":[{"href":"https:\/\/www.glovis.com.br\/en\/wp-json\/wp\/v2\/media?parent=7243"}],"curies":[{"name":"wp","href":"https:\/\/api.w.org\/{rel}","templated":true}]}}