{"id":7103,"date":"2021-09-18T17:33:17","date_gmt":"2021-09-18T20:33:17","guid":{"rendered":"http:\/\/sh-pro112.teste.website\/~glovis05\/?page_id=7103"},"modified":"2022-09-15T14:23:28","modified_gmt":"2022-09-15T17:23:28","slug":"transporte-maritimo-2","status":"publish","type":"page","link":"https:\/\/www.glovis.com.br\/en\/transporte-maritimo-2\/","title":{"rendered":"SEA TRANSPORTATION"},"content":{"rendered":"<p>[et_pb_section fb_built=&#8221;1&#8243; disabled_on=&#8221;off|off|off&#8221; admin_label=&#8221;Hero&#8221; _builder_version=&#8221;4.17.3&#8243; background_enable_color=&#8221;off&#8221; background_image=&#8221;https:\/\/www.glovis.com.br\/wp-content\/uploads\/2021\/09\/header_transporte_maritimo.jpg&#8221; max_height_tablet=&#8221;&#8221; max_height_phone=&#8221;300px&#8221; max_height_last_edited=&#8221;on|phone&#8221; custom_margin=&#8221;62px||||false|false&#8221; custom_padding=&#8221;0px|0px|0px|0px|false|false&#8221; global_colors_info=&#8221;{}&#8221;][et_pb_row _builder_version=&#8221;4.16&#8243; _module_preset=&#8221;default&#8221; global_colors_info=&#8221;{}&#8221;][et_pb_column type=&#8221;4_4&#8243; _builder_version=&#8221;4.16&#8243; _module_preset=&#8221;default&#8221; global_colors_info=&#8221;{}&#8221;][et_pb_text content_tablet=&#8221;<\/p>\n<p>SEA TRANSPORTATION<\/p>\n<p>&#8221; content_phone=&#8221;<\/p>\n<p>ROAD <br \/>MAR\u00cdTIMO<\/p>\n<p>&#8221; content_last_edited=&#8221;on|phone&#8221; _builder_version=&#8221;4.17.3&#8243; _module_preset=&#8221;default&#8221; text_font=&#8221;|700|||||||&#8221; text_text_color=&#8221;#FFFFFF&#8221; text_font_size=&#8221;40px&#8221; header_text_color=&#8221;#FFFFFF&#8221; custom_padding=&#8221;120px||120px||false|false&#8221; text_font_size_tablet=&#8221;40px&#8221; text_font_size_phone=&#8221;30px&#8221; text_font_size_last_edited=&#8221;on|phone&#8221; global_colors_info=&#8221;{}&#8221;]<\/p>\n<p>SEA TRANSPORTATION<\/p>\n<p>[\/et_pb_text][\/et_pb_column][\/et_pb_row][\/et_pb_section][et_pb_section fb_built=&#8221;1&#8243; custom_padding_last_edited=&#8221;on|tablet&#8221; admin_label=&#8221;Packages&#8221; _builder_version=&#8221;4.17.3&#8243; custom_padding=&#8221;50px||110px||false|false&#8221; custom_padding_tablet=&#8221;0px||0px|&#8221; custom_padding_phone=&#8221;||30px||false|false&#8221; hover_enabled=&#8221;0&#8243; global_colors_info=&#8221;{}&#8221; sticky_enabled=&#8221;0&#8243;][et_pb_row custom_padding_last_edited=&#8221;on|phone&#8221; admin_label=&#8221;Packages Title&#8221; _builder_version=&#8221;4.17.3&#8243; width_tablet=&#8221;&#8221; width_phone=&#8221;90%&#8221; width_last_edited=&#8221;on|phone&#8221; custom_padding=&#8221;30px|0px|50px|0px|false|false&#8221; custom_padding_tablet=&#8221;60px||0px|&#8221; custom_padding_phone=&#8221;&#8221; locked=&#8221;off&#8221; global_colors_info=&#8221;{}&#8221;][et_pb_column type=&#8221;4_4&#8243; _builder_version=&#8221;4.16&#8243; custom_padding=&#8221;|||&#8221; global_colors_info=&#8221;{}&#8221; custom_padding__hover=&#8221;|||&#8221;][et_pb_text admin_label=&#8221;Description&#8221; _builder_version=&#8221;4.17.3&#8243; text_font=&#8221;||||||||&#8221; text_font_size=&#8221;17px&#8221; text_line_height=&#8221;1.8em&#8221; background_size=&#8221;initial&#8221; background_position=&#8221;top_left&#8221; background_repeat=&#8221;repeat&#8221; custom_margin=&#8221;|100px||100px|false|false&#8221; custom_margin_tablet=&#8221;|100px||100px|false|false&#8221; custom_margin_phone=&#8221;|10px||10px|false|false&#8221; custom_margin_last_edited=&#8221;on|phone&#8221; animation_direction=&#8221;left&#8221; text_font_size_tablet=&#8221;17px&#8221; text_font_size_phone=&#8221;15px&#8221; text_font_size_last_edited=&#8221;on|phone&#8221; global_colors_info=&#8221;{}&#8221;]<\/p>\n<p>GLOVIS Sea Transportation services are designed for customers from all sectors and cover logistic demands related to import and export processes.<\/p>\n<p>[\/et_pb_text][\/et_pb_column][\/et_pb_row][et_pb_row admin_label=&#8221;Package&#8221; _builder_version=&#8221;4.17.3&#8243; background_size=&#8221;initial&#8221; background_position=&#8221;top_left&#8221; background_repeat=&#8221;repeat&#8221; width_tablet=&#8221;&#8221; width_phone=&#8221;90%&#8221; width_last_edited=&#8221;on|phone&#8221; global_colors_info=&#8221;{}&#8221;][et_pb_column type=&#8221;4_4&#8243; _builder_version=&#8221;4.16&#8243; custom_padding=&#8221;|||&#8221; global_colors_info=&#8221;{}&#8221; custom_padding__hover=&#8221;|||&#8221;][et_pb_tabs active_tab_background_color=&#8221;#2c3962&#8243; active_tab_text_color=&#8221;#FFFFFF&#8221; module_class=&#8221;vertical-tabs2&#8243; _builder_version=&#8221;4.17.3&#8243; _module_preset=&#8221;default&#8221; tab_text_color=&#8221;#000000&#8243; tab_font_size=&#8221;17px&#8221; tab_line_height=&#8221;3em&#8221; background_color=&#8221;#FFFFFF&#8221; hover_enabled=&#8221;0&#8243; global_colors_info=&#8221;{}&#8221; disabled_on=&#8221;on|off|off&#8221; sticky_enabled=&#8221;0&#8243;][et_pb_tab title=&#8221;FCL\/Standard, Open Top, High Cube e Flat Rack&#8221; _builder_version=&#8221;4.17.3&#8243; _module_preset=&#8221;default&#8221; body_font_size=&#8221;17px&#8221; global_colors_info=&#8221;{}&#8221;]<\/p>\n<p><img loading=\"lazy\" decoding=\"async\" src=\"https:\/\/www.glovis.com.br\/wp-content\/uploads\/2022\/06\/FCI_standart.jpg\" width=\"295\" height=\"230\" alt=\"\" class=\"wp-image-7707 alignnone size-full\" srcset=\"https:\/\/www.glovis.com.br\/wp-content\/uploads\/2022\/06\/FCI_standart.jpg 295w, https:\/\/www.glovis.com.br\/wp-content\/uploads\/2022\/06\/FCI_standart-15x12.jpg 15w\" sizes=\"auto, (max-width: 295px) 100vw, 295px\" \/><\/p>\n<ul>\n<li>Sea transportation allocated from large space contracts with shipowners.<\/li>\n<\/ul>\n<p>[\/et_pb_tab][et_pb_tab title=&#8221;LCL\/Consolidation Service&#8221; _builder_version=&#8221;4.17.3&#8243; _module_preset=&#8221;default&#8221; body_font_size=&#8221;17px&#8221; global_colors_info=&#8221;{}&#8221;]<\/p>\n<p><img loading=\"lazy\" decoding=\"async\" src=\"https:\/\/www.glovis.com.br\/wp-content\/uploads\/2022\/06\/LCL_consolidation.jpg\" width=\"295\" height=\"230\" alt=\"\" class=\"wp-image-7717 alignnone size-full\" srcset=\"https:\/\/www.glovis.com.br\/wp-content\/uploads\/2022\/06\/LCL_consolidation.jpg 295w, https:\/\/www.glovis.com.br\/wp-content\/uploads\/2022\/06\/LCL_consolidation-15x12.jpg 15w\" sizes=\"auto, (max-width: 295px) 100vw, 295px\" \/><\/p>\n<ul>\n<li>Sea transportation allocated from large space contracts with shipowners.<\/li>\n<\/ul>\n<p>[\/et_pb_tab][et_pb_tab title=&#8221;Ro-Ro (Asset-Based)&#8221; _builder_version=&#8221;4.16&#8243; _module_preset=&#8221;default&#8221; body_font_size=&#8221;17px&#8221; global_colors_info=&#8221;{}&#8221;]<\/p>\n<p><img loading=\"lazy\" decoding=\"async\" src=\"https:\/\/www.glovis.com.br\/wp-content\/uploads\/2021\/09\/transporte-maritimo.jpg\" width=\"295\" height=\"230\" alt=\"\" class=\"wp-image-7083 alignnone size-full\" \/><\/p>\n<ul>\n<li>Using our own fleet of Roll-on\/Roll-off vessels, we offer transportation services of a variety of items such as cars, buses, trains, and heavy equipment (check our routes).<\/li>\n<\/ul>\n<p>[\/et_pb_tab][et_pb_tab title=&#8221;Bulk \/ Breakbulk Transportation&#8221; _builder_version=&#8221;4.17.3&#8243; _module_preset=&#8221;default&#8221; body_font_size=&#8221;16px&#8221; global_colors_info=&#8221;{}&#8221;]<\/p>\n<p><img loading=\"lazy\" decoding=\"async\" src=\"https:\/\/www.glovis.com.br\/wp-content\/uploads\/2022\/06\/bulk_transportation.jpg\" width=\"295\" height=\"230\" alt=\"\" class=\"wp-image-7718 alignnone size-full\" srcset=\"https:\/\/www.glovis.com.br\/wp-content\/uploads\/2022\/06\/bulk_transportation.jpg 295w, https:\/\/www.glovis.com.br\/wp-content\/uploads\/2022\/06\/bulk_transportation-15x12.jpg 15w\" sizes=\"auto, (max-width: 295px) 100vw, 295px\" \/><\/p>\n<ul>\n<li>With our own fleet of freighter ships, one of the largest in the world, we offer reliable and flexible services in the transportation of commodities and special cargoes.<\/li>\n<li>We are one of the most experienced shipowners in performing breakbulk cargo transportation;<\/li>\n<li>We have experience in handling special dimensions and heavy cargo;<\/li>\n<li>We offer door-to-door services, including pickup at origin and transportation to the destination.<\/li>\n<\/ul>\n<p>[\/et_pb_tab][\/et_pb_tabs][et_pb_accordion disabled_on=&#8221;off|on|on&#8221; _builder_version=&#8221;4.17.3&#8243; _module_preset=&#8221;default&#8221; hover_enabled=&#8221;0&#8243; global_colors_info=&#8221;{}&#8221; theme_builder_area=&#8221;post_content&#8221; sticky_enabled=&#8221;0&#8243;][et_pb_accordion_item title=&#8221;FCL\/Standard, Open Top, High Cube e Flat Rack&#8221; open=&#8221;on&#8221; _builder_version=&#8221;4.17.3&#8243; _module_preset=&#8221;default&#8221; hover_enabled=&#8221;0&#8243; global_colors_info=&#8221;{}&#8221; theme_builder_area=&#8221;post_content&#8221; sticky_enabled=&#8221;0&#8243;]<\/p>\n<p><img loading=\"lazy\" decoding=\"async\" src=\"https:\/\/www.glovis.com.br\/wp-content\/uploads\/2022\/06\/FCI_standart.jpg\" width=\"295\" height=\"230\" alt=\"\" class=\"wp-image-7707 alignnone size-full\" srcset=\"https:\/\/www.glovis.com.br\/wp-content\/uploads\/2022\/06\/FCI_standart.jpg 295w, https:\/\/www.glovis.com.br\/wp-content\/uploads\/2022\/06\/FCI_standart-15x12.jpg 15w\" sizes=\"auto, (max-width: 295px) 100vw, 295px\" \/><\/p>\n<ul>\n<li>Sea transportation allocated from large space contracts with shipowners.<\/li>\n<\/ul>\n<p>[\/et_pb_accordion_item][et_pb_accordion_item title=&#8221;LCL\/Consolidation Service&#8221; _builder_version=&#8221;4.17.3&#8243; _module_preset=&#8221;default&#8221; hover_enabled=&#8221;0&#8243; global_colors_info=&#8221;{}&#8221; theme_builder_area=&#8221;post_content&#8221; open=&#8221;off&#8221; sticky_enabled=&#8221;0&#8243;]<\/p>\n<p><img loading=\"lazy\" decoding=\"async\" src=\"https:\/\/www.glovis.com.br\/wp-content\/uploads\/2022\/06\/LCL_consolidation.jpg\" width=\"295\" height=\"230\" alt=\"\" class=\"wp-image-7717 alignnone size-full\" srcset=\"https:\/\/www.glovis.com.br\/wp-content\/uploads\/2022\/06\/LCL_consolidation.jpg 295w, https:\/\/www.glovis.com.br\/wp-content\/uploads\/2022\/06\/LCL_consolidation-15x12.jpg 15w\" sizes=\"auto, (max-width: 295px) 100vw, 295px\" \/><\/p>\n<ul>\n<li>Sea transportation allocated from large space contracts with shipowners.<\/li>\n<\/ul>\n<p>[\/et_pb_accordion_item][et_pb_accordion_item title=&#8221;Ro-Ro (Asset-Based)&#8221; _builder_version=&#8221;4.17.3&#8243; _module_preset=&#8221;default&#8221; hover_enabled=&#8221;0&#8243; global_colors_info=&#8221;{}&#8221; theme_builder_area=&#8221;post_content&#8221; open=&#8221;off&#8221; sticky_enabled=&#8221;0&#8243;]<\/p>\n<p><img loading=\"lazy\" decoding=\"async\" src=\"https:\/\/www.glovis.com.br\/wp-content\/uploads\/2021\/09\/transporte-maritimo.jpg\" width=\"295\" height=\"230\" alt=\"\" class=\"wp-image-7083 alignnone size-full\" \/><\/p>\n<ul>\n<li>Using our own fleet of Roll-on\/Roll-off vessels, we offer transportation services of a variety of items such as cars, buses, trains, and heavy equipment (check our routes).<\/li>\n<\/ul>\n<p>[\/et_pb_accordion_item][et_pb_accordion_item title=&#8221;Bulk \/ Breakbulk Transportation&#8221; _builder_version=&#8221;4.17.3&#8243; _module_preset=&#8221;default&#8221; hover_enabled=&#8221;0&#8243; global_colors_info=&#8221;{}&#8221; theme_builder_area=&#8221;post_content&#8221; open=&#8221;off&#8221; sticky_enabled=&#8221;0&#8243;]<\/p>\n<p><img decoding=\"async\" loading=\"lazy\" src=\"https:\/\/www.glovis.com.br\/wp-content\/uploads\/2022\/06\/bulk_transportation.jpg\" width=\"295\" height=\"230\" alt=\"\" class=\"wp-image-7718 alignnone size-full\" srcset=\"https:\/\/www.glovis.com.br\/wp-content\/uploads\/2022\/06\/bulk_transportation.jpg 295w, https:\/\/www.glovis.com.br\/wp-content\/uploads\/2022\/06\/bulk_transportation-15x12.jpg 15w\" sizes=\"auto, (max-width: 295px) 100vw, 295px\" \/><\/p>\n<ul>\n<li>With our own fleet of freighter ships, one of the largest in the world, we offer reliable and flexible services in the transportation of commodities and special cargoes.<\/li>\n<li>We are one of the most experienced shipowners in performing breakbulk cargo transportation;<\/li>\n<li>We have experience in handling special dimensions and heavy cargo;<\/li>\n<li>We offer door-to-door services, including pickup at origin and transportation to the destination.<\/li>\n<\/ul>\n<p>[\/et_pb_accordion_item][\/et_pb_accordion][\/et_pb_column][\/et_pb_row][\/et_pb_section]<\/p>","protected":false},"excerpt":{"rendered":"<p>TRANSPORTE MAR\u00cdTIMOOs servi\u00e7os de Transporte Mar\u00edtimo da GLOVIS destinam-se a clientes de todos os segmentos e cobrem demandas de log\u00edstica relacionadas a processos de importa\u00e7\u00e3o e exporta\u00e7\u00e3o. Transporte mar\u00edtimo alocado a partir de grandes contratos de espa\u00e7o com armadores. Transporte mar\u00edtimo alocado a partir de grandes contratos de espa\u00e7o com armadores. Usando nossa frota pr\u00f3pria [&hellip;]<\/p>","protected":false},"author":1,"featured_media":0,"parent":0,"menu_order":0,"comment_status":"closed","ping_status":"closed","template":"","meta":{"_et_pb_use_builder":"on","_et_pb_old_content":"","_et_gb_content_width":"","footnotes":""},"class_list":["post-7103","page","type-page","status-publish","hentry"],"_links":{"self":[{"href":"https:\/\/www.glovis.com.br\/en\/wp-json\/wp\/v2\/pages\/7103","targetHints":{"allow":["GET"]}}],"collection":[{"href":"https:\/\/www.glovis.com.br\/en\/wp-json\/wp\/v2\/pages"}],"about":[{"href":"https:\/\/www.glovis.com.br\/en\/wp-json\/wp\/v2\/types\/page"}],"author":[{"embeddable":true,"href":"https:\/\/www.glovis.com.br\/en\/wp-json\/wp\/v2\/users\/1"}],"replies":[{"embeddable":true,"href":"https:\/\/www.glovis.com.br\/en\/wp-json\/wp\/v2\/comments?post=7103"}],"version-history":[{"count":12,"href":"https:\/\/www.glovis.com.br\/en\/wp-json\/wp\/v2\/pages\/7103\/revisions"}],"predecessor-version":[{"id":7909,"href":"https:\/\/www.glovis.com.br\/en\/wp-json\/wp\/v2\/pages\/7103\/revisions\/7909"}],"wp:attachment":[{"href":"https:\/\/www.glovis.com.br\/en\/wp-json\/wp\/v2\/media?parent=7103"}],"curies":[{"name":"wp","href":"https:\/\/api.w.org\/{rel}","templated":true}]}}