{"id":7037,"date":"2021-09-18T11:55:55","date_gmt":"2021-09-18T14:55:55","guid":{"rendered":"http:\/\/sh-pro112.teste.website\/~glovis05\/?page_id=7037"},"modified":"2022-09-15T15:58:51","modified_gmt":"2022-09-15T18:58:51","slug":"transporte-rodoviario","status":"publish","type":"page","link":"https:\/\/www.glovis.com.br\/en\/transporte-rodoviario\/","title":{"rendered":"ROAD TRANSPORTATION"},"content":{"rendered":"<p>[et_pb_section fb_built=&#8221;1&#8243; disabled_on=&#8221;off|off|off&#8221; admin_label=&#8221;Hero&#8221; _builder_version=&#8221;4.17.3&#8243; background_enable_color=&#8221;off&#8221; background_image=&#8221;https:\/\/www.glovis.com.br\/wp-content\/uploads\/2021\/09\/header_transporte_rodoviario.jpg&#8221; max_height_tablet=&#8221;&#8221; max_height_phone=&#8221;300px&#8221; max_height_last_edited=&#8221;on|phone&#8221; custom_margin=&#8221;62px||||false|false&#8221; custom_margin_tablet=&#8221;62px||||false|false&#8221; custom_margin_phone=&#8221;62px||||false|false&#8221; custom_margin_last_edited=&#8221;on|phone&#8221; custom_padding=&#8221;0px|0px|0px|0px|false|false&#8221; global_colors_info=&#8221;{}&#8221;][et_pb_row _builder_version=&#8221;4.17.3&#8243; _module_preset=&#8221;default&#8221; global_colors_info=&#8221;{}&#8221;][et_pb_column type=&#8221;4_4&#8243; _builder_version=&#8221;4.16&#8243; _module_preset=&#8221;default&#8221; global_colors_info=&#8221;{}&#8221;][et_pb_text content_tablet=&#8221;<\/p>\n<p>ROAD TRANSPORTATION<\/p>\n<p>&#8221; content_phone=&#8221;<\/p>\n<p>ROAD<br \/>TRANSPORTATION<\/p>\n<p>&#8221; content_last_edited=&#8221;on|phone&#8221; _builder_version=&#8221;4.17.3&#8243; _module_preset=&#8221;default&#8221; text_font=&#8221;|700|||||||&#8221; text_text_color=&#8221;#FFFFFF&#8221; text_font_size=&#8221;40px&#8221; header_text_color=&#8221;#FFFFFF&#8221; custom_padding=&#8221;120px||120px||false|false&#8221; custom_padding_tablet=&#8221;120px||120px||false|false&#8221; custom_padding_phone=&#8221;||||false|false&#8221; custom_padding_last_edited=&#8221;on|phone&#8221; text_font_size_tablet=&#8221;40px&#8221; text_font_size_phone=&#8221;30px&#8221; text_font_size_last_edited=&#8221;on|phone&#8221; global_colors_info=&#8221;{}&#8221;]<\/p>\n<p>ROAD TRANSPORTATION<\/p>\n<p>[\/et_pb_text][\/et_pb_column][\/et_pb_row][\/et_pb_section][et_pb_section fb_built=&#8221;1&#8243; custom_padding_last_edited=&#8221;on|tablet&#8221; admin_label=&#8221;Packages&#8221; _builder_version=&#8221;4.17.3&#8243; custom_padding=&#8221;50px||110px||false|false&#8221; custom_padding_tablet=&#8221;0px||0px|&#8221; custom_padding_phone=&#8221;||30px||false|false&#8221; global_colors_info=&#8221;{}&#8221;][et_pb_row custom_padding_last_edited=&#8221;on|phone&#8221; admin_label=&#8221;Packages Title&#8221; _builder_version=&#8221;4.17.3&#8243; width_tablet=&#8221;&#8221; width_phone=&#8221;90%&#8221; width_last_edited=&#8221;on|phone&#8221; custom_padding=&#8221;30px|0px|50px|0px|false|false&#8221; custom_padding_tablet=&#8221;60px||0px|&#8221; custom_padding_phone=&#8221;&#8221; locked=&#8221;off&#8221; global_colors_info=&#8221;{}&#8221;][et_pb_column type=&#8221;4_4&#8243; _builder_version=&#8221;4.16&#8243; custom_padding=&#8221;|||&#8221; global_colors_info=&#8221;{}&#8221; custom_padding__hover=&#8221;|||&#8221;][et_pb_text admin_label=&#8221;Description&#8221; _builder_version=&#8221;4.17.3&#8243; text_font=&#8221;||||||||&#8221; text_font_size=&#8221;18px&#8221; text_line_height=&#8221;1.8em&#8221; background_size=&#8221;initial&#8221; background_position=&#8221;top_left&#8221; background_repeat=&#8221;repeat&#8221; custom_margin=&#8221;|100px||100px|false|false&#8221; custom_margin_tablet=&#8221;|100px||100px|false|false&#8221; custom_margin_phone=&#8221;|10px||10px|false|false&#8221; custom_margin_last_edited=&#8221;on|phone&#8221; animation_direction=&#8221;left&#8221; text_font_size_tablet=&#8221;18px&#8221; text_font_size_phone=&#8221;15px&#8221; text_font_size_last_edited=&#8221;on|phone&#8221; global_colors_info=&#8221;{}&#8221;]<\/p>\n<p>GLOVIS is specialized in road transportation, with a wide range of solutions for the whole Brazilian territory and Latin American countries. These services are provided by our own fleet and third-party fleets, partnering with the best carriers in the market, also relying on a specialized team to provide the best customer support.<\/p>\n<p>[\/et_pb_text][\/et_pb_column][\/et_pb_row][et_pb_row admin_label=&#8221;Package&#8221; _builder_version=&#8221;4.17.3&#8243; background_size=&#8221;initial&#8221; background_position=&#8221;top_left&#8221; background_repeat=&#8221;repeat&#8221; width_tablet=&#8221;&#8221; width_phone=&#8221;95%&#8221; width_last_edited=&#8221;on|phone&#8221; global_colors_info=&#8221;{}&#8221;][et_pb_column type=&#8221;4_4&#8243; _builder_version=&#8221;4.16&#8243; custom_padding=&#8221;|||&#8221; global_colors_info=&#8221;{}&#8221; custom_padding__hover=&#8221;|||&#8221;][et_pb_tabs active_tab_background_color=&#8221;#2c3962&#8243; active_tab_text_color=&#8221;#FFFFFF&#8221; disabled_on=&#8221;on|off|off&#8221; module_class=&#8221;vertical-tabs2&#8243; _builder_version=&#8221;4.17.3&#8243; _module_preset=&#8221;default&#8221; tab_text_color=&#8221;#000000&#8243; tab_font_size=&#8221;17px&#8221; tab_line_height=&#8221;1.6em&#8221; background_color=&#8221;#FFFFFF&#8221; hover_enabled=&#8221;0&#8243; global_colors_info=&#8221;{}&#8221; sticky_enabled=&#8221;0&#8243;][et_pb_tab title=&#8221;Distribui\u00e7\u00e3o de pe\u00e7as&#8221; _builder_version=&#8221;4.16&#8243; _module_preset=&#8221;default&#8221; body_font_size=&#8221;16px&#8221; global_colors_info=&#8221;{}&#8221;]<\/p>\n<p><img loading=\"lazy\" decoding=\"async\" src=\"https:\/\/www.glovis.com.br\/wp-content\/uploads\/2021\/10\/distribuicao_de_pecas.jpg\" width=\"295\" height=\"230\" alt=\"\" class=\"wp-image-7270 alignnone size-full\" \/><\/p>\n<ul>\n<li>To all of Brazil with D+1 deliveries from centers established in Piracicaba and Rio das Pedras (SP);<\/li>\n<li>To South American countries using dedicated and break-bulk vehicles;<\/li>\n<li>Web-based cargo tracking;<\/li>\n<li>Distribution to dealers, rental companies, factories, and suppliers.<\/li>\n<\/ul>\n<p>[\/et_pb_tab][et_pb_tab title=&#8221;Transporte de ve\u00edculos novos e seminovos: cegonhas e plataformas&#8221; _builder_version=&#8221;4.16&#8243; _module_preset=&#8221;default&#8221; body_font_size=&#8221;16px&#8221; global_colors_info=&#8221;{}&#8221;]<\/p>\n<p><img loading=\"lazy\" decoding=\"async\" src=\"https:\/\/www.glovis.com.br\/wp-content\/uploads\/2021\/10\/transporte_de_veiculos_novos_cegonhas_e_plataformas.jpg\" width=\"295\" height=\"230\" alt=\"\" class=\"wp-image-7275 alignnone size-full\" \/><\/p>\n<ul>\n<li>Transportation of new and used vehicles throughout Brazil, also servicing Latin America;<\/li>\n<li>Consistent performance indicators, ensuring delivery deadlines according to customer needs;<\/li>\n<li>Low damage rates;<\/li>\n<li>We rely on our own fleet and third-party fleets, partnering with the best carriers in the Brazilian market;<\/li>\n<li>We have a specialized team with more than five years of know-how in the vehicle transportation segment.<\/li>\n<\/ul>\n<p>[\/et_pb_tab][et_pb_tab title=&#8221;Transporte a Granel Carga solta&#8221; _builder_version=&#8221;4.17.3&#8243; _module_preset=&#8221;default&#8221; body_font_size=&#8221;16px&#8221; global_colors_info=&#8221;{}&#8221;]<\/p>\n<p><img loading=\"lazy\" decoding=\"async\" src=\"https:\/\/www.glovis.com.br\/wp-content\/uploads\/2022\/06\/transporte_a_granel_cargasolta.jpg\" width=\"295\" height=\"230\" alt=\"\" class=\"wp-image-7710 alignnone size-full\" srcset=\"https:\/\/www.glovis.com.br\/wp-content\/uploads\/2022\/06\/transporte_a_granel_cargasolta.jpg 295w, https:\/\/www.glovis.com.br\/wp-content\/uploads\/2022\/06\/transporte_a_granel_cargasolta-15x12.jpg 15w\" sizes=\"auto, (max-width: 295px) 100vw, 295px\" \/><\/p>\n<ul>\n<li>General cargo transportation to the whole Brazilian territory.<\/li>\n<\/ul>\n<p>[\/et_pb_tab][et_pb_tab title=&#8221;Transporte de Cont\u00eaineres FCL e LCL&#8221; _builder_version=&#8221;4.16&#8243; _module_preset=&#8221;default&#8221; body_font_size=&#8221;16px&#8221; global_colors_info=&#8221;{}&#8221;]<\/p>\n<p><img loading=\"lazy\" decoding=\"async\" src=\"https:\/\/www.glovis.com.br\/wp-content\/uploads\/2021\/10\/transporte_de_containers.jpg\" width=\"295\" height=\"230\" alt=\"\" class=\"wp-image-7274 alignnone size-full\" \/><\/p>\n<ul>\n<li>We have all kinds of vehicles available to service FCL and LCL shipments.<\/li>\n<\/ul>\n<p>[\/et_pb_tab][et_pb_tab title=&#8221;Transporte de Cargas Especiais (Over Size\/Over Weight)&#8221; _builder_version=&#8221;4.17.3&#8243; _module_preset=&#8221;default&#8221; body_font_size=&#8221;16px&#8221; hover_enabled=&#8221;0&#8243; global_colors_info=&#8221;{}&#8221; sticky_enabled=&#8221;0&#8243;]<\/p>\n<p><img loading=\"lazy\" decoding=\"async\" src=\"https:\/\/www.glovis.com.br\/wp-content\/uploads\/2022\/06\/transporte_de_vargas_especiais.jpg\" width=\"295\" height=\"230\" alt=\"\" class=\"wp-image-7712 alignnone size-full\" srcset=\"https:\/\/www.glovis.com.br\/wp-content\/uploads\/2022\/06\/transporte_de_vargas_especiais.jpg 295w, https:\/\/www.glovis.com.br\/wp-content\/uploads\/2022\/06\/transporte_de_vargas_especiais-15x12.jpg 15w\" sizes=\"auto, (max-width: 295px) 100vw, 295px\" \/><\/p>\n<ul>\n<li>We have experience with the transportation of divisible and indivisible cargo;<\/li>\n<li>Transportation of production lines and heavy machinery;<\/li>\n<li>We have experience with issuing licenses and escorts;<\/li>\n<li>We have experience with route surveys.<\/li>\n<\/ul>\n<p>[\/et_pb_tab][et_pb_tab title=&#8221;Transporte de Bobinas, Chapas e Vergalh\u00f5es&#8221; _builder_version=&#8221;4.17.3&#8243; _module_preset=&#8221;default&#8221; body_font_size=&#8221;16px&#8221; global_colors_info=&#8221;{}&#8221;]<\/p>\n<p><img loading=\"lazy\" decoding=\"async\" src=\"https:\/\/www.glovis.com.br\/wp-content\/uploads\/2022\/06\/transporte_de_bobinas.jpg\" width=\"295\" height=\"230\" alt=\"\" class=\"wp-image-7714 alignnone size-full\" srcset=\"https:\/\/www.glovis.com.br\/wp-content\/uploads\/2022\/06\/transporte_de_bobinas.jpg 295w, https:\/\/www.glovis.com.br\/wp-content\/uploads\/2022\/06\/transporte_de_bobinas-15x12.jpg 15w\" sizes=\"auto, (max-width: 295px) 100vw, 295px\" \/><\/p>\n<ul>\n<li>Trucking service for factories and distribution centers<\/li>\n<li>Transportation of imported and exported goods.<\/li>\n<\/ul>\n<p>[\/et_pb_tab][et_pb_tab title=&#8221;Milk Run&#8221; _builder_version=&#8221;4.16&#8243; _module_preset=&#8221;default&#8221; body_font_size=&#8221;16px&#8221; global_colors_info=&#8221;{}&#8221;]<\/p>\n<p><img loading=\"lazy\" decoding=\"async\" src=\"https:\/\/www.glovis.com.br\/wp-content\/uploads\/2021\/12\/transporte-rodoviario_milk_run.jpg\" width=\"295\" height=\"230\" alt=\"\" class=\"wp-image-7519 alignnone size-full\" srcset=\"https:\/\/www.glovis.com.br\/wp-content\/uploads\/2021\/12\/transporte-rodoviario_milk_run.jpg 295w, https:\/\/www.glovis.com.br\/wp-content\/uploads\/2021\/12\/transporte-rodoviario_milk_run-15x12.jpg 15w\" sizes=\"auto, (max-width: 295px) 100vw, 295px\" \/><\/p>\n<ul>\n<li>Milk run management for factories and distributors.<\/li>\n<\/ul>\n<p>[\/et_pb_tab][et_pb_tab title=&#8221;Just in Time&#8221; _builder_version=&#8221;4.16&#8243; _module_preset=&#8221;default&#8221; body_font_size=&#8221;16px&#8221; global_colors_info=&#8221;{}&#8221;]<\/p>\n<p><img loading=\"lazy\" decoding=\"async\" src=\"https:\/\/www.glovis.com.br\/wp-content\/uploads\/2021\/12\/transporte-rodoviario_just_in_time.jpg\" width=\"295\" height=\"230\" alt=\"\" class=\"wp-image-7518 alignnone size-full\" srcset=\"https:\/\/www.glovis.com.br\/wp-content\/uploads\/2021\/12\/transporte-rodoviario_just_in_time.jpg 295w, https:\/\/www.glovis.com.br\/wp-content\/uploads\/2021\/12\/transporte-rodoviario_just_in_time-15x12.jpg 15w\" sizes=\"auto, (max-width: 295px) 100vw, 295px\" \/><\/p>\n<ul>\n<li>We have experience with meeting factory demands.<\/li>\n<\/ul>\n<p>[\/et_pb_tab][et_pb_tab title=&#8221;FTL e LTL para Paraguai, Uruguai, Argentina, Chile e Bol\u00edvia&#8221; _builder_version=&#8221;4.16&#8243; _module_preset=&#8221;default&#8221; body_font_size=&#8221;16px&#8221; global_colors_info=&#8221;{}&#8221;]<\/p>\n<p><img loading=\"lazy\" decoding=\"async\" src=\"https:\/\/www.glovis.com.br\/wp-content\/uploads\/2021\/10\/FTL_e_LTL_para_paraguai_uruguai_argentina_chile_bolivia.jpg\" width=\"295\" height=\"230\" alt=\"\" class=\"wp-image-7271 alignnone size-full\" \/><\/p>\n<ul>\n<li>We have vehicles with many different configurations to meet the Latin American traffic flow.<\/li>\n<\/ul>\n<p>[\/et_pb_tab][\/et_pb_tabs][et_pb_accordion disabled_on=&#8221;off|on|on&#8221; _builder_version=&#8221;4.17.3&#8243; _module_preset=&#8221;default&#8221; hover_enabled=&#8221;0&#8243; global_colors_info=&#8221;{}&#8221; sticky_enabled=&#8221;0&#8243;][et_pb_accordion_item title=&#8221;Distribui\u00e7\u00e3o de pe\u00e7as&#8221; open=&#8221;on&#8221; _builder_version=&#8221;4.17.3&#8243; _module_preset=&#8221;default&#8221; global_colors_info=&#8221;{}&#8221;]<\/p>\n<p><img loading=\"lazy\" decoding=\"async\" src=\"https:\/\/www.glovis.com.br\/wp-content\/uploads\/2021\/10\/distribuicao_de_pecas.jpg\" width=\"295\" height=\"230\" alt=\"\" class=\"wp-image-7270 alignnone size-full\" \/><\/p>\n<ul>\n<li>To all of Brazil with D+1 deliveries from centers established in Piracicaba and Rio das Pedras (SP);<\/li>\n<li>To South American countries using dedicated and break-bulk vehicles;<\/li>\n<li>Web-based cargo tracking;<\/li>\n<li>Distribution to dealers, rental companies, factories, and suppliers.<\/li>\n<\/ul>\n<p>[\/et_pb_accordion_item][et_pb_accordion_item title=&#8221;Transporte de ve\u00edculos novos e seminovos: cegonha e plataformas&#8221; _builder_version=&#8221;4.17.3&#8243; _module_preset=&#8221;default&#8221; global_colors_info=&#8221;{}&#8221; open=&#8221;off&#8221;]<\/p>\n<p><img loading=\"lazy\" decoding=\"async\" src=\"https:\/\/www.glovis.com.br\/wp-content\/uploads\/2021\/10\/transporte_de_veiculos_novos_cegonhas_e_plataformas.jpg\" width=\"295\" height=\"230\" alt=\"\" class=\"wp-image-7275 alignnone size-full\" \/><\/p>\n<ul>\n<li>Transportation of new and used vehicles throughout Brazil, also servicing Latin America;<\/li>\n<li>Consistent performance indicators, ensuring delivery deadlines according to customer needs;<\/li>\n<li>Low damage rates;<\/li>\n<li>We rely on our own fleet and third-party fleets, partnering with the best carriers in the Brazilian market;<\/li>\n<li>We have a specialized team with more than five years of know-how in the vehicle transportation segment.<\/li>\n<\/ul>\n<p>[\/et_pb_accordion_item][et_pb_accordion_item title=&#8221;Transporte a Granel Carga solta&#8221; _builder_version=&#8221;4.17.3&#8243; _module_preset=&#8221;default&#8221; global_colors_info=&#8221;{}&#8221; open=&#8221;off&#8221;]<\/p>\n<p><img loading=\"lazy\" decoding=\"async\" src=\"https:\/\/www.glovis.com.br\/wp-content\/uploads\/2022\/06\/transporte_a_granel_cargasolta.jpg\" width=\"295\" height=\"230\" alt=\"\" class=\"wp-image-7710 alignnone size-full\" srcset=\"https:\/\/www.glovis.com.br\/wp-content\/uploads\/2022\/06\/transporte_a_granel_cargasolta.jpg 295w, https:\/\/www.glovis.com.br\/wp-content\/uploads\/2022\/06\/transporte_a_granel_cargasolta-15x12.jpg 15w\" sizes=\"auto, (max-width: 295px) 100vw, 295px\" \/><\/p>\n<ul>\n<li>General cargo transportation to the whole Brazilian territory.<\/li>\n<\/ul>\n<p>[\/et_pb_accordion_item][et_pb_accordion_item title=&#8221;Transporte de Cont\u00eaineres FCL e LCL&#8221; _builder_version=&#8221;4.17.3&#8243; _module_preset=&#8221;default&#8221; global_colors_info=&#8221;{}&#8221; open=&#8221;off&#8221;]<\/p>\n<p><img loading=\"lazy\" decoding=\"async\" src=\"https:\/\/www.glovis.com.br\/wp-content\/uploads\/2021\/10\/transporte_de_containers.jpg\" width=\"295\" height=\"230\" alt=\"\" class=\"wp-image-7274 alignnone size-full\" \/><\/p>\n<ul>\n<li>We have all kinds of vehicles available to service FCL and LCL shipments.<\/li>\n<\/ul>\n<p>[\/et_pb_accordion_item][et_pb_accordion_item title=&#8221;Transporte de Cargas Especiais (Over Size\/Over Weight)&#8221; _builder_version=&#8221;4.17.3&#8243; _module_preset=&#8221;default&#8221; hover_enabled=&#8221;0&#8243; global_colors_info=&#8221;{}&#8221; open=&#8221;off&#8221; sticky_enabled=&#8221;0&#8243;]<img loading=\"lazy\" decoding=\"async\" src=\"https:\/\/www.glovis.com.br\/wp-content\/uploads\/2022\/06\/transporte_de_vargas_especiais.jpg\" width=\"295\" height=\"230\" alt=\"\" class=\"wp-image-7712 alignnone size-full\" srcset=\"https:\/\/www.glovis.com.br\/wp-content\/uploads\/2022\/06\/transporte_de_vargas_especiais.jpg 295w, https:\/\/www.glovis.com.br\/wp-content\/uploads\/2022\/06\/transporte_de_vargas_especiais-15x12.jpg 15w\" sizes=\"auto, (max-width: 295px) 100vw, 295px\" \/><\/p>\n<ul>\n<li>We have experience with the transportation of divisible and indivisible cargo;<\/li>\n<li>Transportation of production lines and heavy machinery;<\/li>\n<li>We have experience with issuing licenses and escorts;<\/li>\n<li>We have experience with route surveys.<\/li>\n<\/ul>\n<p>[\/et_pb_accordion_item][et_pb_accordion_item title=&#8221;Transporte de Bobinas, Chapas e Vergalh\u00f5es&#8221; _builder_version=&#8221;4.17.3&#8243; _module_preset=&#8221;default&#8221; global_colors_info=&#8221;{}&#8221; open=&#8221;off&#8221;]<\/p>\n<p><img loading=\"lazy\" decoding=\"async\" src=\"https:\/\/www.glovis.com.br\/wp-content\/uploads\/2022\/06\/transporte_de_bobinas.jpg\" width=\"295\" height=\"230\" alt=\"\" class=\"wp-image-7714 alignnone size-full\" srcset=\"https:\/\/www.glovis.com.br\/wp-content\/uploads\/2022\/06\/transporte_de_bobinas.jpg 295w, https:\/\/www.glovis.com.br\/wp-content\/uploads\/2022\/06\/transporte_de_bobinas-15x12.jpg 15w\" sizes=\"auto, (max-width: 295px) 100vw, 295px\" \/><\/p>\n<ul>\n<li>Trucking service for factories and distribution centers<\/li>\n<li>Transportation of imported and exported goods.<\/li>\n<\/ul>\n<p>[\/et_pb_accordion_item][et_pb_accordion_item title=&#8221;Milk Run&#8221; _builder_version=&#8221;4.17.3&#8243; _module_preset=&#8221;default&#8221; global_colors_info=&#8221;{}&#8221; open=&#8221;off&#8221;]<\/p>\n<p><img loading=\"lazy\" decoding=\"async\" src=\"https:\/\/www.glovis.com.br\/wp-content\/uploads\/2021\/12\/transporte-rodoviario_milk_run.jpg\" width=\"295\" height=\"230\" alt=\"\" class=\"wp-image-7519 alignnone size-full\" srcset=\"https:\/\/www.glovis.com.br\/wp-content\/uploads\/2021\/12\/transporte-rodoviario_milk_run.jpg 295w, https:\/\/www.glovis.com.br\/wp-content\/uploads\/2021\/12\/transporte-rodoviario_milk_run-15x12.jpg 15w\" sizes=\"auto, (max-width: 295px) 100vw, 295px\" \/><\/p>\n<ul>\n<li>Milk run management for factories and distributors.<\/li>\n<\/ul>\n<p>[\/et_pb_accordion_item][et_pb_accordion_item title=&#8221;Just in Time&#8221; _builder_version=&#8221;4.17.3&#8243; _module_preset=&#8221;default&#8221; global_colors_info=&#8221;{}&#8221; open=&#8221;off&#8221;]<\/p>\n<p><img loading=\"lazy\" decoding=\"async\" src=\"https:\/\/www.glovis.com.br\/wp-content\/uploads\/2021\/12\/transporte-rodoviario_just_in_time.jpg\" width=\"295\" height=\"230\" alt=\"\" class=\"wp-image-7518 alignnone size-full\" srcset=\"https:\/\/www.glovis.com.br\/wp-content\/uploads\/2021\/12\/transporte-rodoviario_just_in_time.jpg 295w, https:\/\/www.glovis.com.br\/wp-content\/uploads\/2021\/12\/transporte-rodoviario_just_in_time-15x12.jpg 15w\" sizes=\"auto, (max-width: 295px) 100vw, 295px\" \/><\/p>\n<ul>\n<li>We have experience with meeting factory demands.<\/li>\n<\/ul>\n<p>[\/et_pb_accordion_item][et_pb_accordion_item title=&#8221;FTL e LTL para Paraguai, Uruguai, Argentina, Chile e Bol\u00edvia&#8221; _builder_version=&#8221;4.17.3&#8243; _module_preset=&#8221;default&#8221; global_colors_info=&#8221;{}&#8221; open=&#8221;off&#8221;]<\/p>\n<p><img loading=\"lazy\" decoding=\"async\" src=\"https:\/\/www.glovis.com.br\/wp-content\/uploads\/2021\/10\/FTL_e_LTL_para_paraguai_uruguai_argentina_chile_bolivia.jpg\" width=\"295\" height=\"230\" alt=\"\" class=\"wp-image-7271 alignnone size-full\" \/><\/p>\n<ul>\n<li>We have vehicles with many different configurations to meet the Latin American traffic flow.<\/li>\n<\/ul>\n<p>[\/et_pb_accordion_item][\/et_pb_accordion][\/et_pb_column][\/et_pb_row][\/et_pb_section]<\/p>","protected":false},"excerpt":{"rendered":"<p>TRANSPORTE RODOVI\u00c1RIOA GLOVIS \u00e9 especialista no transporte rodovi\u00e1rio, com diversas solu\u00e7\u00f5es para todo o territ\u00f3rio nacional e tamb\u00e9m para os pa\u00edses da Am\u00e9rica Latina. Contamos com frota pr\u00f3pria e de terceiros, com parceria com as melhores transportadoras do mercado, al\u00e9m de uma equipe especializada para a melhor assist\u00eancia aos clientes. Para todo o pa\u00eds com [&hellip;]<\/p>","protected":false},"author":1,"featured_media":0,"parent":0,"menu_order":0,"comment_status":"closed","ping_status":"closed","template":"","meta":{"_et_pb_use_builder":"on","_et_pb_old_content":"","_et_gb_content_width":"","footnotes":""},"class_list":["post-7037","page","type-page","status-publish","hentry"],"_links":{"self":[{"href":"https:\/\/www.glovis.com.br\/en\/wp-json\/wp\/v2\/pages\/7037","targetHints":{"allow":["GET"]}}],"collection":[{"href":"https:\/\/www.glovis.com.br\/en\/wp-json\/wp\/v2\/pages"}],"about":[{"href":"https:\/\/www.glovis.com.br\/en\/wp-json\/wp\/v2\/types\/page"}],"author":[{"embeddable":true,"href":"https:\/\/www.glovis.com.br\/en\/wp-json\/wp\/v2\/users\/1"}],"replies":[{"embeddable":true,"href":"https:\/\/www.glovis.com.br\/en\/wp-json\/wp\/v2\/comments?post=7037"}],"version-history":[{"count":38,"href":"https:\/\/www.glovis.com.br\/en\/wp-json\/wp\/v2\/pages\/7037\/revisions"}],"predecessor-version":[{"id":7934,"href":"https:\/\/www.glovis.com.br\/en\/wp-json\/wp\/v2\/pages\/7037\/revisions\/7934"}],"wp:attachment":[{"href":"https:\/\/www.glovis.com.br\/en\/wp-json\/wp\/v2\/media?parent=7037"}],"curies":[{"name":"wp","href":"https:\/\/api.w.org\/{rel}","templated":true}]}}