{"id":31,"date":"2021-08-17T10:33:27","date_gmt":"2021-08-17T13:33:27","guid":{"rendered":"http:\/\/sh-pro112.teste.website\/~glovis05\/?page_id=31"},"modified":"2025-02-26T15:00:00","modified_gmt":"2025-02-26T18:00:00","slug":"contato","status":"publish","type":"page","link":"https:\/\/www.glovis.com.br\/en\/contato\/","title":{"rendered":"Contact Us"},"content":{"rendered":"<p>[et_pb_section fb_built=&#8221;1&#8243; disabled_on=&#8221;off|off|off&#8221; admin_label=&#8221;Hero&#8221; _builder_version=&#8221;4.17.3&#8243; background_enable_color=&#8221;off&#8221; background_image=&#8221;https:\/\/www.glovis.com.br\/wp-content\/uploads\/2021\/08\/header-sobrev4.jpg&#8221; max_height_tablet=&#8221;&#8221; max_height_phone=&#8221;300px&#8221; max_height_last_edited=&#8221;on|phone&#8221; custom_margin=&#8221;62px||||false|false&#8221; custom_padding=&#8221;0px|0px|0px|0px|false|false&#8221; global_colors_info=&#8221;{}&#8221;][et_pb_row _builder_version=&#8221;4.17.3&#8243; _module_preset=&#8221;default&#8221; width_tablet=&#8221;&#8221; width_phone=&#8221;90%&#8221; width_last_edited=&#8221;on|phone&#8221; global_colors_info=&#8221;{}&#8221;][et_pb_column type=&#8221;4_4&#8243; _builder_version=&#8221;4.16&#8243; _module_preset=&#8221;default&#8221; global_colors_info=&#8221;{}&#8221;][et_pb_text _builder_version=&#8221;4.17.3&#8243; _module_preset=&#8221;default&#8221; text_font=&#8221;|700|||||||&#8221; text_text_color=&#8221;#FFFFFF&#8221; text_font_size=&#8221;40px&#8221; header_text_color=&#8221;#FFFFFF&#8221; custom_padding=&#8221;120px||120px||false|false&#8221; text_font_size_tablet=&#8221;40px&#8221; text_font_size_phone=&#8221;30px&#8221; text_font_size_last_edited=&#8221;on|phone&#8221; global_colors_info=&#8221;{}&#8221;]<\/p>\n<p><span>CONTACT US<\/span><\/p>\n<p>[\/et_pb_text][\/et_pb_column][\/et_pb_row][\/et_pb_section][et_pb_section fb_built=&#8221;1&#8243; custom_padding_last_edited=&#8221;on|tablet&#8221; admin_label=&#8221;Contact Form&#8221; _builder_version=&#8221;4.16&#8243; custom_padding=&#8221;57px||24px|||&#8221; custom_padding_tablet=&#8221;60px|||&#8221; custom_padding_phone=&#8221;&#8221; global_colors_info=&#8221;{}&#8221;][et_pb_row _builder_version=&#8221;4.23.4&#8243; _module_preset=&#8221;default&#8221; module_alignment=&#8221;center&#8221; custom_margin=&#8221;-21px|708px||auto||&#8221; global_colors_info=&#8221;{}&#8221;][et_pb_column type=&#8221;4_4&#8243; _builder_version=&#8221;4.23.4&#8243; _module_preset=&#8221;default&#8221; global_colors_info=&#8221;{}&#8221;][et_pb_image src=&#8221;https:\/\/www.glovis.com.br\/wp-content\/uploads\/2024\/01\/unnamed-2.jpg&#8221; title_text=&#8221;unnamed&#8221; url=&#8221;https:\/\/atracaodetalentos.totvs.app\/recrutamento\/extended&#8221; url_new_window=&#8221;on&#8221; _builder_version=&#8221;4.23.4&#8243; _module_preset=&#8221;default&#8221; custom_margin=&#8221;||10px|||&#8221; global_colors_info=&#8221;{}&#8221;][\/et_pb_image][et_pb_button button_url=&#8221;https:\/\/atracaodetalentos.totvs.app\/recrutamento\/extended&#8221; url_new_window=&#8221;on&#8221; button_text=&#8221;Clique Aqui e se inscreva!&#8221; button_alignment=&#8221;left&#8221; _builder_version=&#8221;4.23.4&#8243; _module_preset=&#8221;default&#8221; global_colors_info=&#8221;{}&#8221;][\/et_pb_button][\/et_pb_column][\/et_pb_row][et_pb_row _builder_version=&#8221;4.23.4&#8243; _module_preset=&#8221;default&#8221; module_alignment=&#8221;center&#8221; custom_margin=&#8221;-21px|708px|-47px|auto||&#8221; global_colors_info=&#8221;{}&#8221;][et_pb_column type=&#8221;4_4&#8243; _builder_version=&#8221;4.23.4&#8243; _module_preset=&#8221;default&#8221; global_colors_info=&#8221;{}&#8221;][et_pb_image src=&#8221;https:\/\/www.glovis.com.br\/wp-content\/uploads\/2025\/02\/Banner-Vaga-PCD-1.jpg&#8221; title_text=&#8221;Banner-Vaga-PCD&#8221; url=&#8221;https:\/\/atracaodetalentos.totvs.app\/recrutamento\/88\/banco-candidatos-pcd&#8221; url_new_window=&#8221;on&#8221; _builder_version=&#8221;4.27.0&#8243; _module_preset=&#8221;default&#8221; custom_margin=&#8221;||10px|||&#8221; hover_enabled=&#8221;0&#8243; global_colors_info=&#8221;{}&#8221; sticky_enabled=&#8221;0&#8243;][\/et_pb_image][\/et_pb_column][\/et_pb_row][et_pb_row _builder_version=&#8221;4.23.4&#8243; _module_preset=&#8221;default&#8221; global_colors_info=&#8221;{}&#8221;][et_pb_column type=&#8221;4_4&#8243; _builder_version=&#8221;4.23.4&#8243; _module_preset=&#8221;default&#8221; global_colors_info=&#8221;{}&#8221;][et_pb_divider _builder_version=&#8221;4.23.4&#8243; _module_preset=&#8221;default&#8221; global_colors_info=&#8221;{}&#8221;][\/et_pb_divider][\/et_pb_column][\/et_pb_row][\/et_pb_section][et_pb_section fb_built=&#8221;1&#8243; custom_padding_last_edited=&#8221;on|phone&#8221; admin_label=&#8221;Contact Info&#8221; _builder_version=&#8221;4.17.3&#8243; custom_margin=&#8221;-122px|||||&#8221; custom_padding=&#8221;110px||0px||false|false&#8221; custom_padding_tablet=&#8221;110px||0px||false|false&#8221; custom_padding_phone=&#8221;30px||30px||false|false&#8221; locked=&#8221;off&#8221; global_colors_info=&#8221;{}&#8221;][et_pb_row column_structure=&#8221;1_2,1_2&#8243; custom_padding_last_edited=&#8221;on|phone&#8221; _builder_version=&#8221;4.17.3&#8243; background_size=&#8221;initial&#8221; background_position=&#8221;top_left&#8221; background_repeat=&#8221;repeat&#8221; width_tablet=&#8221;&#8221; width_phone=&#8221;90%&#8221; width_last_edited=&#8221;on|phone&#8221; min_height=&#8221;893px&#8221; custom_padding_tablet=&#8221;&#8221; custom_padding_phone=&#8221;||0px||false|false&#8221; global_colors_info=&#8221;{}&#8221;][et_pb_column type=&#8221;1_2&#8243; _builder_version=&#8221;4.16&#8243; custom_padding=&#8221;|||&#8221; global_colors_info=&#8221;{}&#8221; custom_padding__hover=&#8221;|||&#8221;][et_pb_text admin_label=&#8221;Title&#8221; _builder_version=&#8221;4.17.3&#8243; text_font=&#8221;||||&#8221; text_text_color=&#8221;#1a1a1a&#8221; header_font=&#8221;|700||on|||||&#8221; header_text_align=&#8221;left&#8221; header_font_size=&#8221;40px&#8221; header_line_height=&#8221;1.3em&#8221; background_size=&#8221;initial&#8221; background_position=&#8221;top_left&#8221; background_repeat=&#8221;repeat&#8221; max_width=&#8221;450px&#8221; custom_margin=&#8221;|||&#8221; custom_margin_tablet=&#8221;|||&#8221; custom_margin_phone=&#8221;||20px||false|false&#8221; custom_margin_last_edited=&#8221;on|phone&#8221; custom_padding=&#8221;|||&#8221; animation_style=&#8221;slide&#8221; animation_direction=&#8221;top&#8221; animation_intensity_slide=&#8221;10%&#8221; header_font_size_tablet=&#8221;40px&#8221; header_font_size_phone=&#8221;30px&#8221; header_font_size_last_edited=&#8221;on|phone&#8221; locked=&#8221;off&#8221; global_colors_info=&#8221;{}&#8221;]<\/p>\n<h1><span>CONTACT US<\/span><\/h1>\n<p>[\/et_pb_text][et_pb_divider color=&#8221;#000000&#8243; divider_position=&#8221;center&#8221; divider_weight=&#8221;3px&#8221; disabled_on=&#8221;off|off|off%22&#8243; _builder_version=&#8221;4.17.3&#8243; max_width=&#8221;150px&#8221; height=&#8221;false&#8221; custom_margin=&#8221;30px|||&#8221; custom_margin_tablet=&#8221;30px|||&#8221; custom_margin_phone=&#8221;0px||0px||false|false&#8221; custom_margin_last_edited=&#8221;on|phone&#8221; custom_padding_tablet=&#8221;&#8221; custom_padding_phone=&#8221;||||false|false&#8221; custom_padding_last_edited=&#8221;on|phone&#8221; animation_style=&#8221;slide&#8221; animation_direction=&#8221;top&#8221; animation_delay=&#8221;100ms&#8221; animation_intensity_slide=&#8221;10%&#8221; locked=&#8221;off&#8221; global_colors_info=&#8221;{}&#8221;][\/et_pb_divider][et_pb_text admin_label=&#8221;Sub Title&#8221; _builder_version=&#8221;4.17.3&#8243; text_font=&#8221;||||||||&#8221; text_font_size=&#8221;18px&#8221; text_line_height=&#8221;1.4em&#8221; background_size=&#8221;initial&#8221; background_position=&#8221;top_left&#8221; background_repeat=&#8221;repeat&#8221; max_width=&#8221;450px&#8221; custom_padding=&#8221;30px|||&#8221; animation_style=&#8221;slide&#8221; animation_direction=&#8221;top&#8221; animation_delay=&#8221;200ms&#8221; animation_intensity_slide=&#8221;10%&#8221; text_font_size_tablet=&#8221;18px&#8221; text_font_size_phone=&#8221;15px&#8221; text_font_size_last_edited=&#8221;on|phone&#8221; locked=&#8221;off&#8221; global_colors_info=&#8221;{}&#8221;]<\/p>\n<p><span>We will be pleased to receive your questions, suggestions, compliments, or criticism. Fill out the form below and send us your message.<\/span><\/p>\n<p>[\/et_pb_text][et_pb_text admin_label=&#8221;Sub Title&#8221; _builder_version=&#8221;4.17.3&#8243; text_font=&#8221;||||||||&#8221; text_font_size=&#8221;18px&#8221; text_line_height=&#8221;1.4em&#8221; background_size=&#8221;initial&#8221; background_position=&#8221;top_left&#8221; background_repeat=&#8221;repeat&#8221; max_width=&#8221;450px&#8221; custom_padding=&#8221;||||false|false&#8221; animation_style=&#8221;slide&#8221; animation_direction=&#8221;top&#8221; animation_delay=&#8221;200ms&#8221; animation_intensity_slide=&#8221;10%&#8221; text_font_size_tablet=&#8221;18px&#8221; text_font_size_phone=&#8221;15px&#8221; text_font_size_last_edited=&#8221;on|phone&#8221; locked=&#8221;off&#8221; global_colors_info=&#8221;{}&#8221;]<\/p>\n<p><span>Send us a message if you want a QUOTATION for any of our services, by selecting the Department on the side menu or by entering our service channel via WhatsApp on the icon.<\/span><\/p>\n<p>[\/et_pb_text][\/et_pb_column][et_pb_column type=&#8221;1_2&#8243; _builder_version=&#8221;4.16&#8243; custom_padding=&#8221;|||&#8221; global_colors_info=&#8221;{}&#8221; custom_padding__hover=&#8221;|||&#8221;][et_pb_code _builder_version=&#8221;4.17.3&#8243; _module_preset=&#8221;default&#8221; global_colors_info=&#8221;{}&#8221;]<div class=\"wpforms-container wpforms-container-full\" id=\"wpforms-7202\"><form id=\"wpforms-form-7202\" class=\"wpforms-validate wpforms-form wpforms-ajax-form\" data-formid=\"7202\" method=\"post\" enctype=\"multipart\/form-data\" action=\"\/en\/wp-json\/wp\/v2\/pages\/31\" data-token=\"ae72d7039875054ba4cf420d87592038\" data-trp-original-action=\"\/en\/wp-json\/wp\/v2\/pages\/31\"><noscript class=\"wpforms-error-noscript\">Please enable JavaScript in your browser to complete this form.<\/noscript><div class=\"wpforms-field-container\"><div id=\"wpforms-7202-field_0-container\" class=\"wpforms-field wpforms-field-name\" data-field-id=\"0\"><label class=\"wpforms-field-label\" for=\"wpforms-7202-field_0\">Name <span class=\"wpforms-required-label\">*<\/span><\/label><input type=\"text\" id=\"wpforms-7202-field_0\" class=\"wpforms-field-large wpforms-field-required\" name=\"wpforms[fields][0]\" required><\/div><div id=\"wpforms-7202-field_1-container\" class=\"wpforms-field wpforms-field-email\" data-field-id=\"1\"><label class=\"wpforms-field-label\" for=\"wpforms-7202-field_1\">E-mail <span class=\"wpforms-required-label\">*<\/span><\/label><input type=\"email\" id=\"wpforms-7202-field_1\" class=\"wpforms-field-large wpforms-field-required\" name=\"wpforms[fields][1]\" required><\/div><div id=\"wpforms-7202-field_5-container\" class=\"wpforms-field wpforms-field-phone\" data-field-id=\"5\"><label class=\"wpforms-field-label\" for=\"wpforms-7202-field_5\">Phone number <span class=\"wpforms-required-label\">*<\/span><\/label><input type=\"tel\" id=\"wpforms-7202-field_5\" class=\"wpforms-field-large wpforms-field-required wpforms-smart-phone-field\" data-rule-smart-phone-field=\"true\" name=\"wpforms[fields][5]\" placeholder=\"(xx) xxxx-xxxxx\" required><\/div><div id=\"wpforms-7202-field_4-container\" class=\"wpforms-field wpforms-field-select wpforms-field-select-style-modern\" data-field-id=\"4\"><label class=\"wpforms-field-label\" for=\"wpforms-7202-field_4\">Department <span class=\"wpforms-required-label\">*<\/span><\/label><select id=\"wpforms-7202-field_4\" class=\"wpforms-field-large wpforms-field-required choicesjs-select\" data-size-class=\"wpforms-field-row wpforms-field-large\" data-search-enabled=\"1\" name=\"wpforms[fields][4]\" required=\"required\"><option value=\"\" class=\"placeholder\" disabled selected='selected'>Human resources<\/option><option value=\"RH\" >Human resources<\/option><option value=\"Financeiro\" >Finance<\/option><option value=\"Fiscal\" >Fiscal<\/option><option value=\"Cont\u00e1bil\" >Accounting<\/option><option value=\"TI\" >IT<\/option><option value=\"Jur\u00eddico\" >Legal<\/option><option value=\"Comercial\" >Commercial<\/option><option value=\"MilkRun\" >MilkRun<\/option><option value=\"Distribui\u00e7\u00e3o de pe\u00e7as\" >Parts distribution<\/option><option value=\"Forwarding\" >FORWARDING<\/option><option value=\"Comex\" >Comex<\/option><option value=\"Transporte\" >Transportation<\/option><\/select><\/div><div id=\"wpforms-7202-field_2-container\" class=\"wpforms-field wpforms-field-textarea\" data-field-id=\"2\"><label class=\"wpforms-field-label\" for=\"wpforms-7202-field_2\">Your message <span class=\"wpforms-required-label\">*<\/span><\/label><textarea id=\"wpforms-7202-field_2\" class=\"wpforms-field-medium wpforms-field-required\" name=\"wpforms[fields][2]\" required><\/textarea><\/div><div id=\"wpforms-7202-field_6-container\" class=\"wpforms-field wpforms-field-checkbox\" data-field-id=\"6\"><label class=\"wpforms-field-label wpforms-label-hide\" for=\"wpforms-7202-field_6\">Autoriza\u00e7\u00e3o Checkup <span class=\"wpforms-required-label\">*<\/span><\/label><ul id=\"wpforms-7202-field_6\" class=\"wpforms-field-required\"><li class=\"choice-1 depth-1\"><input type=\"checkbox\" id=\"wpforms-7202-field_6_1\" name=\"wpforms[fields][6][]\" value=\"Eu autorizo o envio dos meus dados pessoais acima para o correto direcionamento da mensagem aos departamentos da GLOVIS.\" required><label class=\"wpforms-field-label-inline\" for=\"wpforms-7202-field_6_1\">I authorize the submission of my data above to correctly direct the message to the GLOVIS departments.<\/label><\/li><\/ul><\/div><\/div><div class=\"wpforms-submit-container\" ><input type=\"hidden\" name=\"wpforms[id]\" value=\"7202\"><input type=\"hidden\" name=\"wpforms[author]\" value=\"1\"><button type=\"submit\" name=\"wpforms[submit]\" class=\"wpforms-submit\" id=\"wpforms-submit-7202\" value=\"wpforms-submit\" aria-live=\"assertive\" data-alt-text=\"ENVIANDO...\" data-submit-text=\"ENVIAR\">SEND<\/button><img loading=\"lazy\" decoding=\"async\" src=\"https:\/\/www.glovis.com.br\/wp-content\/plugins\/wpforms\/assets\/images\/submit-spin.svg\" class=\"wpforms-submit-spinner\" style=\"display: none;\" width=\"26\" height=\"26\" alt=\"\"><\/div><input type=\"hidden\" name=\"trp-form-language\" value=\"en\"\/><\/form><\/div>  <!-- .wpforms-container -->[\/et_pb_code][\/et_pb_column][\/et_pb_row][\/et_pb_section]<\/p>","protected":false},"excerpt":{"rendered":"<p>CONTATOFale conoscoTeremos prazer em receber sua d\u00favida, sugest\u00e3o, elogio ou cr\u00edtica. Preencha o formul\u00e1rio abaixo e nos envie sua mensagem.Nos envie uma mensagem caso queira uma COTA\u00c7\u00c3O de algum de nossos servi\u00e7os, selecionado o Departamento no menu ao lado ou entrando em nosso canal de atendimento via Whatsapp no \u00edcone.<div class=\"wpforms-container wpforms-container-full\" id=\"wpforms-7202\"><form id=\"wpforms-form-7202\" class=\"wpforms-validate wpforms-form wpforms-ajax-form\" data-formid=\"7202\" method=\"post\" enctype=\"multipart\/form-data\" action=\"\/en\/wp-json\/wp\/v2\/pages\/31\" data-token=\"ae72d7039875054ba4cf420d87592038\" data-trp-original-action=\"\/en\/wp-json\/wp\/v2\/pages\/31\"><noscript class=\"wpforms-error-noscript\">Please enable JavaScript in your browser to complete this form.<\/noscript><div class=\"wpforms-field-container\"><div id=\"wpforms-7202-field_0-container\" class=\"wpforms-field wpforms-field-name\" data-field-id=\"0\"><label class=\"wpforms-field-label\" for=\"wpforms-7202-field_0\">Name <span class=\"wpforms-required-label\">*<\/span><\/label><input type=\"text\" id=\"wpforms-7202-field_0\" class=\"wpforms-field-large wpforms-field-required\" name=\"wpforms[fields][0]\" required><\/div><div id=\"wpforms-7202-field_1-container\" class=\"wpforms-field wpforms-field-email\" data-field-id=\"1\"><label class=\"wpforms-field-label\" for=\"wpforms-7202-field_1\">E-mail <span class=\"wpforms-required-label\">*<\/span><\/label><input type=\"email\" id=\"wpforms-7202-field_1\" class=\"wpforms-field-large wpforms-field-required\" name=\"wpforms[fields][1]\" required><\/div><div id=\"wpforms-7202-field_5-container\" class=\"wpforms-field wpforms-field-phone\" data-field-id=\"5\"><label class=\"wpforms-field-label\" for=\"wpforms-7202-field_5\">Phone number <span class=\"wpforms-required-label\">*<\/span><\/label><input type=\"tel\" id=\"wpforms-7202-field_5\" class=\"wpforms-field-large wpforms-field-required wpforms-smart-phone-field\" data-rule-smart-phone-field=\"true\" name=\"wpforms[fields][5]\" placeholder=\"(xx) xxxx-xxxxx\" required><\/div><div id=\"wpforms-7202-field_4-container\" class=\"wpforms-field wpforms-field-select wpforms-field-select-style-modern\" data-field-id=\"4\"><label class=\"wpforms-field-label\" for=\"wpforms-7202-field_4\">Department <span class=\"wpforms-required-label\">*<\/span><\/label><select id=\"wpforms-7202-field_4\" class=\"wpforms-field-large wpforms-field-required choicesjs-select\" data-size-class=\"wpforms-field-row wpforms-field-large\" data-search-enabled=\"1\" name=\"wpforms[fields][4]\" required=\"required\"><option value=\"\" class=\"placeholder\" disabled selected='selected'>Human resources<\/option><option value=\"RH\" >Human resources<\/option><option value=\"Financeiro\" >Finance<\/option><option value=\"Fiscal\" >Fiscal<\/option><option value=\"Cont\u00e1bil\" >Accounting<\/option><option value=\"TI\" >IT<\/option><option value=\"Jur\u00eddico\" >Legal<\/option><option value=\"Comercial\" >Commercial<\/option><option value=\"MilkRun\" >MilkRun<\/option><option value=\"Distribui\u00e7\u00e3o de pe\u00e7as\" >Parts distribution<\/option><option value=\"Forwarding\" >FORWARDING<\/option><option value=\"Comex\" >Comex<\/option><option value=\"Transporte\" >Transportation<\/option><\/select><\/div><div id=\"wpforms-7202-field_2-container\" class=\"wpforms-field wpforms-field-textarea\" data-field-id=\"2\"><label class=\"wpforms-field-label\" for=\"wpforms-7202-field_2\">Your message <span class=\"wpforms-required-label\">*<\/span><\/label><textarea id=\"wpforms-7202-field_2\" class=\"wpforms-field-medium wpforms-field-required\" name=\"wpforms[fields][2]\" required><\/textarea><\/div><div id=\"wpforms-7202-field_6-container\" class=\"wpforms-field wpforms-field-checkbox\" data-field-id=\"6\"><label class=\"wpforms-field-label wpforms-label-hide\" for=\"wpforms-7202-field_6\">Autoriza\u00e7\u00e3o Checkup <span class=\"wpforms-required-label\">*<\/span><\/label><ul id=\"wpforms-7202-field_6\" class=\"wpforms-field-required\"><li class=\"choice-1 depth-1\"><input type=\"checkbox\" id=\"wpforms-7202-field_6_1\" name=\"wpforms[fields][6][]\" value=\"Eu autorizo o envio dos meus dados pessoais acima para o correto direcionamento da mensagem aos departamentos da GLOVIS.\" required><label class=\"wpforms-field-label-inline\" for=\"wpforms-7202-field_6_1\">I authorize the submission of my data above to correctly direct the message to the GLOVIS departments.<\/label><\/li><\/ul><\/div><\/div><div class=\"wpforms-submit-container\" ><input type=\"hidden\" name=\"wpforms[id]\" value=\"7202\"><input type=\"hidden\" name=\"wpforms[author]\" value=\"1\"><button type=\"submit\" name=\"wpforms[submit]\" class=\"wpforms-submit\" id=\"wpforms-submit-7202\" value=\"wpforms-submit\" aria-live=\"assertive\" data-alt-text=\"ENVIANDO...\" data-submit-text=\"ENVIAR\">SEND<\/button><img loading=\"lazy\" decoding=\"async\" src=\"https:\/\/www.glovis.com.br\/wp-content\/plugins\/wpforms\/assets\/images\/submit-spin.svg\" class=\"wpforms-submit-spinner\" style=\"display: none;\" width=\"26\" height=\"26\" alt=\"\"><\/div><input type=\"hidden\" name=\"trp-form-language\" value=\"en\"\/><\/form><\/div>  <!-- .wpforms-container --><\/p>","protected":false},"author":1,"featured_media":0,"parent":0,"menu_order":0,"comment_status":"closed","ping_status":"closed","template":"","meta":{"_et_pb_use_builder":"on","_et_pb_old_content":"","_et_gb_content_width":"","footnotes":""},"class_list":["post-31","page","type-page","status-publish","hentry"],"_links":{"self":[{"href":"https:\/\/www.glovis.com.br\/en\/wp-json\/wp\/v2\/pages\/31","targetHints":{"allow":["GET"]}}],"collection":[{"href":"https:\/\/www.glovis.com.br\/en\/wp-json\/wp\/v2\/pages"}],"about":[{"href":"https:\/\/www.glovis.com.br\/en\/wp-json\/wp\/v2\/types\/page"}],"author":[{"embeddable":true,"href":"https:\/\/www.glovis.com.br\/en\/wp-json\/wp\/v2\/users\/1"}],"replies":[{"embeddable":true,"href":"https:\/\/www.glovis.com.br\/en\/wp-json\/wp\/v2\/comments?post=31"}],"version-history":[{"count":36,"href":"https:\/\/www.glovis.com.br\/en\/wp-json\/wp\/v2\/pages\/31\/revisions"}],"predecessor-version":[{"id":8074,"href":"https:\/\/www.glovis.com.br\/en\/wp-json\/wp\/v2\/pages\/31\/revisions\/8074"}],"wp:attachment":[{"href":"https:\/\/www.glovis.com.br\/en\/wp-json\/wp\/v2\/media?parent=31"}],"curies":[{"name":"wp","href":"https:\/\/api.w.org\/{rel}","templated":true}]}}