{"id":284,"date":"2021-08-18T18:20:26","date_gmt":"2021-08-18T21:20:26","guid":{"rendered":"http:\/\/sh-pro112.teste.website\/~glovis05\/?page_id=284"},"modified":"2022-09-13T16:56:13","modified_gmt":"2022-09-13T19:56:13","slug":"clientes","status":"publish","type":"page","link":"https:\/\/www.glovis.com.br\/en\/clientes\/","title":{"rendered":"CUSTOMERS"},"content":{"rendered":"<p>[et_pb_section fb_built=&#8221;1&#8243; disabled_on=&#8221;off|off|off&#8221; admin_label=&#8221;Hero&#8221; _builder_version=&#8221;4.17.3&#8243; background_enable_color=&#8221;off&#8221; background_image=&#8221;https:\/\/www.glovis.com.br\/wp-content\/uploads\/2021\/09\/header_clientes.jpg&#8221; custom_margin=&#8221;62px||||false|false&#8221; custom_padding=&#8221;0px|0px|0px|0px|false|false&#8221; hover_enabled=&#8221;0&#8243; global_colors_info=&#8221;{}&#8221; max_height_last_edited=&#8221;on|phone&#8221; max_height_phone=&#8221;300px&#8221; sticky_enabled=&#8221;0&#8243;][et_pb_row _builder_version=&#8221;4.16&#8243; _module_preset=&#8221;default&#8221; global_colors_info=&#8221;{}&#8221;][et_pb_column type=&#8221;4_4&#8243; _builder_version=&#8221;4.16&#8243; _module_preset=&#8221;default&#8221; global_colors_info=&#8221;{}&#8221;][et_pb_text _builder_version=&#8221;4.17.3&#8243; _module_preset=&#8221;default&#8221; text_font=&#8221;|700|||||||&#8221; text_text_color=&#8221;#FFFFFF&#8221; text_font_size=&#8221;40px&#8221; header_text_color=&#8221;#FFFFFF&#8221; custom_padding=&#8221;120px||120px||false|false&#8221; hover_enabled=&#8221;0&#8243; global_colors_info=&#8221;{}&#8221; text_font_size_last_edited=&#8221;on|phone&#8221; text_font_size_phone=&#8221;30px&#8221; sticky_enabled=&#8221;0&#8243; text_font_size_tablet=&#8221;40px&#8221;]<\/p>\n<p>CUSTOMERS<\/p>\n<p>[\/et_pb_text][\/et_pb_column][\/et_pb_row][\/et_pb_section][et_pb_section fb_built=&#8221;1&#8243; _builder_version=&#8221;4.17.3&#8243; custom_padding=&#8221;110px||110px|&#8221; hover_enabled=&#8221;0&#8243; global_colors_info=&#8221;{}&#8221; custom_padding_last_edited=&#8221;on|phone&#8221; custom_padding_phone=&#8221;0px||50px||false|false&#8221; sticky_enabled=&#8221;0&#8243; custom_padding_tablet=&#8221;110px||110px|&#8221;][et_pb_row custom_padding_last_edited=&#8221;on|phone&#8221; _builder_version=&#8221;4.17.3&#8243; custom_padding=&#8221;30px|0px|50px|0px|false|false&#8221; custom_padding_tablet=&#8221;60px||0px|&#8221; custom_padding_phone=&#8221;||0px||false|false&#8221; hover_enabled=&#8221;0&#8243; global_colors_info=&#8221;{}&#8221; width_last_edited=&#8221;on|phone&#8221; width_phone=&#8221;90%&#8221; sticky_enabled=&#8221;0&#8243;][et_pb_column type=&#8221;4_4&#8243; _builder_version=&#8221;4.16&#8243; custom_padding=&#8221;|||&#8221; global_colors_info=&#8221;{}&#8221; custom_padding__hover=&#8221;|||&#8221;][et_pb_text admin_label=&#8221;Discover Beatuty Sub Title&#8221; _builder_version=&#8221;4.17.3&#8243; text_font=&#8221;||||||||&#8221; text_font_size=&#8221;18px&#8221; text_line_height=&#8221;1.8em&#8221; background_size=&#8221;initial&#8221; background_position=&#8221;top_left&#8221; background_repeat=&#8221;repeat&#8221; custom_margin=&#8221;|100px||100px|false|false&#8221; animation_direction=&#8221;top&#8221; hover_enabled=&#8221;0&#8243; global_colors_info=&#8221;{}&#8221; text_font_size_last_edited=&#8221;on|phone&#8221; text_font_size_phone=&#8221;15px&#8221; custom_margin_last_edited=&#8221;on|phone&#8221; custom_margin_phone=&#8221;|10px||10px|false|false&#8221; sticky_enabled=&#8221;0&#8243; text_font_size_tablet=&#8221;18px&#8221; custom_margin_tablet=&#8221;|100px||100px|false|false&#8221;]<\/p>\n<p>GLOVIS Brazil serves customers in many different sectors, including the Automotive, Steel, Paper, Rail, Technology, Construction, Food, Wholesale and Retail sectors.<\/p>\n<p>[\/et_pb_text][et_pb_text admin_label=&#8221;CTA Section Title&#8221; _builder_version=&#8221;4.17.3&#8243; text_font=&#8221;||||&#8221; text_text_color=&#8221;#1a1a1a&#8221; header_font=&#8221;|700||on|||||&#8221; header_text_align=&#8221;center&#8221; header_font_size=&#8221;40px&#8221; header_line_height=&#8221;1.3em&#8221; module_alignment=&#8221;center&#8221; custom_margin=&#8221;|||&#8221; custom_padding=&#8221;|||&#8221; animation_style=&#8221;slide&#8221; animation_direction=&#8221;top&#8221; animation_intensity_slide=&#8221;10%&#8221; hover_enabled=&#8221;0&#8243; locked=&#8221;off&#8221; global_colors_info=&#8221;{}&#8221; header_font_size_last_edited=&#8221;on|phone&#8221; header_font_size_phone=&#8221;30px&#8221; sticky_enabled=&#8221;0&#8243; custom_padding_last_edited=&#8221;on|phone&#8221; custom_padding_phone=&#8221;||||false|false&#8221; custom_margin_last_edited=&#8221;on|phone&#8221; custom_margin_phone=&#8221;||||false|false&#8221; header_font_size_tablet=&#8221;40px&#8221; custom_padding_tablet=&#8221;|||&#8221; custom_margin_tablet=&#8221;|||&#8221;]<\/p>\n<h1><span>SUCCESS STORIES<\/span><\/h1>\n<p>[\/et_pb_text][et_pb_divider color=&#8221;#000000&#8243; divider_position=&#8221;center&#8221; divider_weight=&#8221;3px&#8221; disabled_on=&#8221;off|off|off&#8221; _builder_version=&#8221;4.17.3&#8243; _module_preset=&#8221;default&#8221; max_width=&#8221;150px&#8221; module_alignment=&#8221;center&#8221; height=&#8221;false&#8221; custom_margin=&#8221;30px|||&#8221; animation_style=&#8221;slide&#8221; animation_direction=&#8221;top&#8221; animation_delay=&#8221;100ms&#8221; animation_intensity_slide=&#8221;10%&#8221; hover_enabled=&#8221;0&#8243; global_colors_info=&#8221;{}&#8221; custom_margin_last_edited=&#8221;on|phone&#8221; custom_margin_phone=&#8221;||||false|false&#8221; custom_padding_last_edited=&#8221;on|phone&#8221; custom_padding_phone=&#8221;||||false|false&#8221; sticky_enabled=&#8221;0&#8243; custom_margin_tablet=&#8221;30px|||&#8221;][\/et_pb_divider][\/et_pb_column][\/et_pb_row][et_pb_row column_structure=&#8221;2_5,3_5&#8243; admin_label=&#8221;Guides Grid&#8221; _builder_version=&#8221;4.17.3&#8243; custom_padding=&#8221;40px|0px|40px|0px&#8221; hover_enabled=&#8221;0&#8243; global_colors_info=&#8221;{}&#8221; width_last_edited=&#8221;on|phone&#8221; width_phone=&#8221;90%&#8221; sticky_enabled=&#8221;0&#8243;][et_pb_column type=&#8221;2_5&#8243; _builder_version=&#8221;4.16&#8243; custom_padding=&#8221;|||&#8221; global_colors_info=&#8221;{}&#8221; custom_padding__hover=&#8221;|||&#8221;][et_pb_blurb image=&#8221;https:\/\/www.glovis.com.br\/wp-content\/uploads\/2022\/06\/door_to_door.jpg&#8221; image_icon_width=&#8221;80%&#8221; _builder_version=&#8221;4.17.3&#8243; header_font=&#8221;|700||on|||||&#8221; header_font_size=&#8221;24px&#8221; body_font=&#8221;||||||||&#8221; body_text_color=&#8221;rgba(0,0,0,0.6)&#8221; body_font_size=&#8221;16px&#8221; body_line_height=&#8221;1.9em&#8221; animation_style=&#8221;zoom&#8221; animation_intensity_zoom=&#8221;10%&#8221; locked=&#8221;off&#8221; global_colors_info=&#8221;{}&#8221;][\/et_pb_blurb][\/et_pb_column][et_pb_column type=&#8221;3_5&#8243; _builder_version=&#8221;4.16&#8243; custom_padding=&#8221;|||&#8221; global_colors_info=&#8221;{}&#8221; custom_padding__hover=&#8221;|||&#8221;][et_pb_blurb title=&#8221;DOOR TO DOOR INTERNACIONAL&#8221; _builder_version=&#8221;4.17.3&#8243; header_font=&#8221;|700||on|||||&#8221; header_font_size=&#8221;24px&#8221; body_font=&#8221;||||||||&#8221; body_text_color=&#8221;rgba(0,0,0,0.6)&#8221; body_font_size=&#8221;16px&#8221; body_line_height=&#8221;1.9em&#8221; animation_style=&#8221;zoom&#8221; animation_intensity_zoom=&#8221;10%&#8221; hover_enabled=&#8221;0&#8243; locked=&#8221;off&#8221; global_colors_info=&#8221;{}&#8221; header_font_size_last_edited=&#8221;on|phone&#8221; header_font_size_phone=&#8221;20px&#8221; sticky_enabled=&#8221;0&#8243; body_font_size_last_edited=&#8221;on|phone&#8221; body_font_size_phone=&#8221;15px&#8221; body_line_height_last_edited=&#8221;on|phone&#8221; body_line_height_phone=&#8221;1.9em&#8221; header_font_size_tablet=&#8221;24px&#8221; body_font_size_tablet=&#8221;16px&#8221; body_line_height_tablet=&#8221;1.9em&#8221;]<\/p>\n<p>GLOVIS performed a Door to Door logistics operation for its client in South Korea, picking up its highly specialized cargo (railway cars) and delivering it to the final client in Brazil (S\u00e3o Paulo and Salvador), including Road Transportation services at origin and destination, International Transportation in Ro-Ro Vessel, Port Terminal Service at origin port and destination port, and Customs Clearance.<\/p>\n<p>[\/et_pb_blurb][\/et_pb_column][\/et_pb_row][\/et_pb_section]<\/p>","protected":false},"excerpt":{"rendered":"<p>CLIENTESA GLOVIS Brasil atende diversos clientes dos mais variados segmentos, incluindo os setores Automotivo, Sider\u00fargico, de Papel, Ferrovi\u00e1rio, Tecnol\u00f3gico, Constru\u00e7\u00e3o, Aliment\u00edcio, Atacado e Varejo.Hist\u00f3ria de SucessoA GLOVIS realizou uma opera\u00e7\u00e3o log\u00edstica Door to Door para seu cliente na Coreia do Sul, coletando sua carga altamente especializada (carros ferrovi\u00e1rios) e realizando a entrega no cliente final [&hellip;]<\/p>","protected":false},"author":1,"featured_media":0,"parent":0,"menu_order":0,"comment_status":"closed","ping_status":"closed","template":"","meta":{"_et_pb_use_builder":"on","_et_pb_old_content":"","_et_gb_content_width":"","footnotes":""},"class_list":["post-284","page","type-page","status-publish","hentry"],"_links":{"self":[{"href":"https:\/\/www.glovis.com.br\/en\/wp-json\/wp\/v2\/pages\/284","targetHints":{"allow":["GET"]}}],"collection":[{"href":"https:\/\/www.glovis.com.br\/en\/wp-json\/wp\/v2\/pages"}],"about":[{"href":"https:\/\/www.glovis.com.br\/en\/wp-json\/wp\/v2\/types\/page"}],"author":[{"embeddable":true,"href":"https:\/\/www.glovis.com.br\/en\/wp-json\/wp\/v2\/users\/1"}],"replies":[{"embeddable":true,"href":"https:\/\/www.glovis.com.br\/en\/wp-json\/wp\/v2\/comments?post=284"}],"version-history":[{"count":19,"href":"https:\/\/www.glovis.com.br\/en\/wp-json\/wp\/v2\/pages\/284\/revisions"}],"predecessor-version":[{"id":7854,"href":"https:\/\/www.glovis.com.br\/en\/wp-json\/wp\/v2\/pages\/284\/revisions\/7854"}],"wp:attachment":[{"href":"https:\/\/www.glovis.com.br\/en\/wp-json\/wp\/v2\/media?parent=284"}],"curies":[{"name":"wp","href":"https:\/\/api.w.org\/{rel}","templated":true}]}}